{"id":925,"date":"2021-07-19T03:17:22","date_gmt":"2021-07-19T03:17:22","guid":{"rendered":"https:\/\/www.petrodelta.com\/pa\/?page_id=925"},"modified":"2025-07-21T21:17:38","modified_gmt":"2025-07-21T21:17:38","slug":"servicios-para-flotas","status":"publish","type":"page","link":"https:\/\/www.petrodelta.com\/pa\/servicios\/servicios-para-flotas\/","title":{"rendered":"Servicios Para Flotas"},"content":{"rendered":"<div class=\"wpb-content-wrapper\"><p>[vc_section conditional_render=\u00bb%5B%7B%22value_role%22%3A%22administrator%22%7D%5D\u00bb css_params=\u00bb\u00bb][vc_row][vc_column width=\u00bb1\/3&#8243; conditional_render=\u00bb%5B%7B%22value_role%22%3A%22administrator%22%7D%5D\u00bb css_params=\u00bb\u00bb css=\u00bb.vc_custom_1735245501680{padding-top: 50px !important;}\u00bb el_class=\u00bbsticky-custom\u00bb][vc_row_inner][vc_column_inner]<div class=\"porto-sicon-box p-consumo  wpb_custom_21c3ed1b12ff6d39e96eee9690e04f0e style_1 right-icon\"><div class=\"porto-sicon-body\" ><div class=\"porto-sicon-header\"><h3 class=\"porto-sicon-title\">Beneficios<\/h3><\/div> <!-- header --><\/div><\/div><!-- porto-sicon-box --><div class=\"porto-sicon-box ico-beneficios-maxi  wpb_custom_1efe903570d178ff0a9b7bfa5febd3a4 style_1 default-icon\"><div class=\"porto-sicon-default\"><div class=\"porto-just-icon-wrapper porto-sicon-img  porto-icon-9f5d1cfb45d27d96b50bf473aebba227\" style=\"font-size: 60px;\"><img loading=\"lazy\" decoding=\"async\" class=\"img-icon\" alt=\"\" src=\"https:\/\/www.petrodelta.com\/pa\/wp-content\/uploads\/2023\/08\/BeneficiosIconoEstaciones.png\" width=\"2250\" height=\"2250\" \/><\/div><\/div><div class=\"porto-sicon-header\"><p>M\u00e1s de 180 estaciones a nivel nacional, ofreciendo un servicio completo<\/p><\/div> <!-- header --><\/div><!-- porto-sicon-box --><div class=\"porto-sicon-box ico-beneficios-maxi  wpb_custom_1efe903570d178ff0a9b7bfa5febd3a4 style_1 default-icon\"><div class=\"porto-sicon-default\"><div class=\"porto-just-icon-wrapper porto-sicon-img  porto-icon-9f5d1cfb45d27d96b50bf473aebba227\" style=\"font-size: 60px;\"><img loading=\"lazy\" decoding=\"async\" class=\"img-icon\" alt=\"\" src=\"https:\/\/www.petrodelta.com\/pa\/wp-content\/uploads\/2023\/08\/BeneficiosIconoServicioCliente.png\" width=\"2250\" height=\"2250\" \/><\/div><\/div><div class=\"porto-sicon-header\"><p>Centro de Servicio al Cliente<\/p><\/div> <!-- header --><\/div><!-- porto-sicon-box --><div class=\"porto-sicon-box ico-beneficios-maxi  wpb_custom_1efe903570d178ff0a9b7bfa5febd3a4 style_1 default-icon\"><div class=\"porto-sicon-default\"><div class=\"porto-just-icon-wrapper porto-sicon-img  porto-icon-9f5d1cfb45d27d96b50bf473aebba227\" style=\"font-size: 60px;\"><img loading=\"lazy\" decoding=\"async\" class=\"img-icon\" alt=\"\" src=\"https:\/\/www.petrodelta.com\/pa\/wp-content\/uploads\/2023\/08\/BeneficiosIconoWeb.png\" width=\"2250\" height=\"2250\" \/><\/div><\/div><div class=\"porto-sicon-header\"><p>Plataforma Web 24\/7<\/p><\/div> <!-- header --><\/div><!-- porto-sicon-box --><div class=\"porto-sicon-box ico-beneficios-maxi  wpb_custom_1efe903570d178ff0a9b7bfa5febd3a4 style_1 default-icon\"><div class=\"porto-sicon-default\"><div class=\"porto-just-icon-wrapper porto-sicon-img  porto-icon-9f5d1cfb45d27d96b50bf473aebba227\" style=\"font-size: 60px;\"><img loading=\"lazy\" decoding=\"async\" class=\"img-icon\" alt=\"\" src=\"https:\/\/www.petrodelta.com\/pa\/wp-content\/uploads\/2023\/08\/BeneficiosIconoCredito.png\" width=\"2250\" height=\"2250\" \/><\/div><\/div><div class=\"porto-sicon-header\"><p>Consumo en cr\u00e9dito o prepago<\/p><\/div> <!-- header --><\/div><!-- porto-sicon-box --><div class=\"porto-sicon-box ico-beneficios-maxi  wpb_custom_1efe903570d178ff0a9b7bfa5febd3a4 style_1 default-icon\"><div class=\"porto-sicon-default\"><div class=\"porto-just-icon-wrapper porto-sicon-img  porto-icon-9f5d1cfb45d27d96b50bf473aebba227\" style=\"font-size: 60px;\"><img loading=\"lazy\" decoding=\"async\" class=\"img-icon\" alt=\"\" src=\"https:\/\/www.petrodelta.com\/pa\/wp-content\/uploads\/2023\/08\/BeneficiosIconoTarjetaChip.png\" width=\"2250\" height=\"2250\" \/><\/div><\/div><div class=\"porto-sicon-header\"><p>Dispositivo tarjeta o chip, parametrizables de acuerdo a tu necesidad<\/p><\/div> <!-- header --><\/div><!-- porto-sicon-box --><div class=\"porto-sicon-box ico-beneficios-maxi  wpb_custom_1efe903570d178ff0a9b7bfa5febd3a4 style_1 default-icon\"><div class=\"porto-sicon-default\"><div class=\"porto-just-icon-wrapper porto-sicon-img  porto-icon-9f5d1cfb45d27d96b50bf473aebba227\" style=\"font-size: 60px;\"><img loading=\"lazy\" decoding=\"async\" class=\"img-icon\" alt=\"\" src=\"https:\/\/www.petrodelta.com\/pa\/wp-content\/uploads\/2023\/08\/BeneficiosIconoTarjetaDobleID.png\" width=\"2250\" height=\"2250\" \/><\/div><\/div><div class=\"porto-sicon-header\"><p>Opci\u00f3n de tarjetas Doble ID (veh\u00edculo\/conductor) para un mejor control<\/p><\/div> <!-- header --><\/div><!-- porto-sicon-box --><div class=\"porto-sicon-box ico-beneficios-maxi  wpb_custom_1efe903570d178ff0a9b7bfa5febd3a4 style_1 default-icon\"><div class=\"porto-sicon-default\"><div class=\"porto-just-icon-wrapper porto-sicon-img  porto-icon-9f5d1cfb45d27d96b50bf473aebba227\" style=\"font-size: 60px;\"><img loading=\"lazy\" decoding=\"async\" class=\"img-icon\" alt=\"\" src=\"https:\/\/www.petrodelta.com\/pa\/wp-content\/uploads\/2023\/08\/BeneficiosIconoMillas.png\" width=\"2250\" height=\"2250\" \/><\/div><\/div><div class=\"porto-sicon-header\"><p>Opci\u00f3n de acumular millas del programa ConnectMiles de Copa Airlines<\/p><\/div> <!-- header --><\/div><!-- porto-sicon-box --><div class=\"porto-sicon-box ico-beneficios-maxi  wpb_custom_1efe903570d178ff0a9b7bfa5febd3a4 style_1 default-icon\"><div class=\"porto-sicon-default\"><div class=\"porto-just-icon-wrapper porto-sicon-img  porto-icon-9f5d1cfb45d27d96b50bf473aebba227\" style=\"font-size: 60px;\"><img loading=\"lazy\" decoding=\"async\" class=\"img-icon\" alt=\"\" src=\"https:\/\/www.petrodelta.com\/pa\/wp-content\/uploads\/2023\/08\/BeneficiosIconoGPS.png\" width=\"2250\" height=\"2250\" \/><\/div><\/div><div class=\"porto-sicon-header\"><p>Opci\u00f3n de integrarnos con su proveedor de GPS<\/p><\/div> <!-- header --><\/div><!-- porto-sicon-box -->[\/vc_column_inner][\/vc_row_inner][vc_row_inner css=\u00bb.vc_custom_1692906757579{padding-top: 15px !important;}\u00bb][vc_column_inner el_class=\u00bbcustom-list-check\u00bb css_params=\u00bb\u00bb]<div class=\"porto-sicon-box p-consumo  wpb_custom_21c3ed1b12ff6d39e96eee9690e04f0e style_1 right-icon\"><div class=\"porto-sicon-body\" ><div class=\"porto-sicon-header\"><h3 class=\"porto-sicon-title\">Par\u00e1metros de Consumo<\/h3><\/div> <!-- header --><\/div><\/div><!-- porto-sicon-box -->[vc_column_text css=\u00bb.vc_custom_1735248340156{padding-right: 0px !important;padding-left: 0px !important;}\u00bb css_params=\u00bb\u00bb]<\/p>\n<ul class=\"list-inline list-parametros\">\n<li><i class=\"porto-info-icon fas fa-check-circle\" style=\"font-size: 20px\"><\/i>L\u00edmites en Dinero o Litros<\/li>\n<li><i class=\"porto-info-icon fas fa-check-circle\" style=\"font-size: 20px\"><\/i>Cantidad de Transacciones Diarias<\/li>\n<li><i class=\"porto-info-icon fas fa-check-circle\" style=\"font-size: 20px\"><\/i>D\u00edas y Horario de Consumo<\/li>\n<li><i class=\"porto-info-icon fas fa-check-circle\" style=\"font-size: 20px\"><\/i>Estaciones autorizadas<\/li>\n<li><i class=\"porto-info-icon fas fa-check-circle\" style=\"font-size: 20px\"><\/i>Ingreso y validaci\u00f3n de kilometraje<\/li>\n<li><i class=\"porto-info-icon fas fa-check-circle\" style=\"font-size: 20px\"><\/i>Tipo de Producto a consumir<\/li>\n<\/ul>\n<p>[\/vc_column_text][\/vc_column_inner][\/vc_row_inner][vc_row_inner el_class=\u00bbd-none\u00bb css_params=\u00bb\u00bb][vc_column_inner][vc_single_image image=\u00bb18597&#8243; img_size=\u00bbfull\u00bb alignment=\u00bbcenter\u00bb css=\u00bb.vc_custom_1735245088982{margin-bottom: 0px !important;padding-top: 10px !important;padding-right: 5px !important;padding-left: 5px !important;}\u00bb el_class=\u00bbecabezado-maf-imagen color-custom mb-0&#8243; css_params=\u00bb\u00bb][vc_video link=\u00bbhttps:\/\/youtu.be\/aQz5nE1fQwI?si=xuHREtrR2OrA-9Td\u00bb css=\u00bb.vc_custom_1735245467541{margin-bottom: 0px !important;}\u00bb][\/vc_column_inner][\/vc_row_inner][\/vc_column][vc_column width=\u00bb2\/3&#8243; conditional_render=\u00bb%5B%7B%22value_role%22%3A%22administrator%22%7D%5D\u00bb css_params=\u00bb\u00bb][vc_single_image image=\u00bb18619&#8243; img_size=\u00bbfull\u00bb alignment=\u00bbcenter\u00bb css=\u00bb.vc_custom_1692975240091{margin-bottom: 15px !important;padding-top: 35px !important;}\u00bb][vc_row_inner][vc_column_inner el_class=\u00bbfondos-page\u00bb css_params=\u00bb\u00bb][vc_single_image image=\u00bb19585&#8243; img_size=\u00bbfull\u00bb alignment=\u00bbcenter\u00bb css=\u00bb.vc_custom_1743608839959{margin-bottom: 35px !important;}\u00bb el_class=\u00bbfondos-imagen-img\u00bb css_params=\u00bb\u00bb][vc_single_image image=\u00bb18641&#8243; img_size=\u00bbfull\u00bb alignment=\u00bbcenter\u00bb onclick=\u00bbcustom_link\u00bb img_link_target=\u00bb_blank\u00bb link=\u00bbhttps:\/\/www.petrodelta.com\/pa\/wp-content\/uploads\/2021\/09\/Solicitud-Prepago-y-Terminos-2020.pdf\u00bb][\/vc_column_inner][\/vc_row_inner][\/vc_column][\/vc_row][\/vc_section][vc_section css=\u00bb.vc_custom_1735244535989{margin-top: 50px !important;}\u00bb conditional_render=\u00bb%5B%7B%22value_role%22%3A%22administrator%22%7D%5D\u00bb css_params=\u00bb\u00bb][vc_row full_width=\u00bbstretch_row\u00bb el_class=\u00bbimage-full-width d-none\u00bb conditional_render=\u00bb%5B%7B%22value_role%22%3A%22administrator%22%7D%5D\u00bb css_params=\u00bb\u00bb css=\u00bb.vc_custom_1743623742672{padding-top: 30px !important;padding-bottom: 30px !important;background-color: #ffffff !important;}\u00bb][vc_column width=\u00bb2\/3&#8243; conditional_render=\u00bb%5B%7B%22value_role%22%3A%22administrator%22%7D%5D\u00bb css_params=\u00bb\u00bb el_class=\u00bbalign-content-center\u00bb]<div class=\"porto-u-heading mb-0  wpb_custom_95aa9a11c17ad45cfabaf210d84ee7cc porto-u-55ca8359258f9a412be7e73af65d2aac \"><div class=\"porto-u-main-heading\"><h2  >Delta Card<\/h2><\/div><div class=\"porto-u-sub-heading\" style=\"\">Banner delta card<\/div><style>.porto-u-55ca8359258f9a412be7e73af65d2aac.porto-u-heading{text-align:center}<\/style><\/div>[\/vc_column][vc_column width=\u00bb1\/3&#8243;][vc_single_image image=\u00bb19545&#8243; img_size=\u00bbfull\u00bb css=\u00bb.vc_custom_1741892609489{margin-bottom: 0px !important;}\u00bb css_params=\u00bb\u00bb img_mwidth=\u00bb{\u00abxl\u00ab:\u00ab250\u00ab,\u00abunit\u00ab:\u00ab\u00ab,\u00abxs\u00ab:\u00ab\u00ab,\u00absm\u00ab:\u00ab\u00ab,\u00abmd\u00ab:\u00ab\u00ab,\u00ablg\u00ab:\u00ab\u00ab}\u00bb][\/vc_column][\/vc_row][vc_row][vc_column width=\u00bb1\/3&#8243; conditional_render=\u00bb%5B%7B%22value_role%22%3A%22administrator%22%7D%5D\u00bb css_params=\u00bb\u00bb][vc_row_inner css_params=\u00bb\u00bb css=\u00bb.vc_custom_1734622867050{padding-right: 10px !important;padding-left: 10px !important;}\u00bb][vc_column_inner el_class=\u00bbcustom-card-white blue-primary no-padding rounded-card\u00bb css_params=\u00bb\u00bb css=\u00bb.vc_custom_1735248171736{background-color: var(&#8211;porto-primary-color) !important;}\u00bb][vc_column_text css=\u00bb.vc_custom_1735247226938{margin-bottom: 0px !important;padding-bottom: 20px !important;padding-left: 0px !important;}\u00bb text_color=\u00bb#ffffff\u00bb css_params=\u00bb\u00bb text_typography=\u00bb{\u00abfamily\u00ab:\u00abDefault\u00ab,\u00abvariant\u00ab:\u00ab700\u00ab,\u00abfont_size\u00ab:\u00ab28\u00ab,\u00abline_height\u00ab:\u00ab1\u00ab,\u00abletter_spacing\u00ab:\u00ab\u00ab,\u00abtext_transform\u00ab:\u00ab\u00ab}\u00bb]<\/p>\n<h2 style=\"text-align: center; padding-left: 0 !important;\">\u00a1Solicita la tuya!<\/h2>\n<p>[\/vc_column_text]<div class=\"porto-u-heading  wpb_custom_95aa9a11c17ad45cfabaf210d84ee7cc porto-u-55ca8359258f9a412be7e73af65d2aac \"><div class=\"porto-u-main-heading\"><h2   style=\"color:#ffffff;\">Call Center:<\/h2><\/div><div class=\"porto-u-sub-heading\" style=\"color: #ffffff;\">\n<p style=\"text-align: center; margin-bottom: 0;\"><a style=\"color: white;\">2792929<\/a> | <a style=\"color: white;\">800-2900<\/a><\/p>\n<p style=\"text-align: center; margin-bottom: 0;\"><a style=\"color: white; margin-bottom: 0;\" href=\"mailto:ventasflota@petrodelta.com\">ventasflota@petrodelta.com<\/a><\/p>\n<p><\/div><style>.porto-u-55ca8359258f9a412be7e73af65d2aac.porto-u-heading{text-align:center}<\/style><\/div>[\/vc_column_inner][\/vc_row_inner][\/vc_column][vc_column width=\u00bb1\/3&#8243; conditional_render=\u00bb%5B%7B%22value_role%22%3A%22administrator%22%7D%5D\u00bb css_params=\u00bb\u00bb][vc_row_inner css_params=\u00bb\u00bb css=\u00bb.vc_custom_1734622867050{padding-right: 10px !important;padding-left: 10px !important;}\u00bb][vc_column_inner el_class=\u00bbcustom-card-white blue-primary no-padding rounded-card\u00bb css_params=\u00bb\u00bb css=\u00bb.vc_custom_1735248182320{background-color: var(&#8211;porto-primary-color) !important;}\u00bb][vc_column_text css=\u00bb.vc_custom_1735247289467{margin-bottom: 0px !important;padding-right: 0px !important;padding-bottom: 20px !important;padding-left: 0px !important;}\u00bb text_color=\u00bb#ffffff\u00bb css_params=\u00bb\u00bb text_typography=\u00bb{\u00abfamily\u00ab:\u00abDefault\u00ab,\u00abvariant\u00ab:\u00ab700\u00ab,\u00abfont_size\u00ab:\u00ab28\u00ab,\u00abline_height\u00ab:\u00ab1\u00ab,\u00abletter_spacing\u00ab:\u00ab\u00ab,\u00abtext_transform\u00ab:\u00ab\u00ab}\u00bb]<\/p>\n<h2 style=\"text-align: center; padding-left: 0 !important;\">Solicitud de Cr\u00e9dito<\/h2>\n<p>[\/vc_column_text][vc_btn title=\u00bbLLENAR FORMULARIO\u00bb css=\u00bb.vc_custom_1753131344115{margin-top: 0px !important;}\u00bb css_params=\u00bb\u00bb el_class=\u00bbbutton-primary-child no-float justify-content-center no-margin\u00bb link=\u00bburl:https%3A%2F%2Fforms.zohopublic.com%2Fpetroleosdeltasa%2Fform%2FDocumentosAdjuntosSolicituddeCrdito%2Fformperma%2FIqQ2lywNiDFobKNfEhxpIV0HgZkdhwpmxUn0A4T8Y5c|target:_blank\u00bb][\/vc_column_inner][\/vc_row_inner][\/vc_column][vc_column width=\u00bb1\/3&#8243; conditional_render=\u00bb%5B%7B%22value_role%22%3A%22administrator%22%7D%5D\u00bb css_params=\u00bb\u00bb][vc_row_inner css_params=\u00bb\u00bb css=\u00bb.vc_custom_1734622867050{padding-right: 10px !important;padding-left: 10px !important;}\u00bb][vc_column_inner el_class=\u00bbcustom-card-white blue-primary no-padding rounded-card\u00bb css_params=\u00bb\u00bb css=\u00bb.vc_custom_1735248186816{background-color: var(&#8211;porto-primary-color) !important;}\u00bb][vc_column_text css=\u00bb.vc_custom_1735247296507{margin-bottom: 0px !important;padding-bottom: 20px !important;padding-left: 0px !important;}\u00bb text_color=\u00bb#ffffff\u00bb css_params=\u00bb\u00bb text_typography=\u00bb{\u00abfamily\u00ab:\u00abDefault\u00ab,\u00abvariant\u00ab:\u00ab700\u00ab,\u00abfont_size\u00ab:\u00ab28\u00ab,\u00abline_height\u00ab:\u00ab1\u00ab,\u00abletter_spacing\u00ab:\u00ab\u00ab,\u00abtext_transform\u00ab:\u00ab\u00ab}\u00bb]<\/p>\n<h2 style=\"text-align: center; padding-left: 0 !important;\">Solicitud de Prepago<\/h2>\n<p>[\/vc_column_text][vc_btn title=\u00bbLLENAR FORMULARIO\u00bb css=\u00bb.vc_custom_1753131358529{margin-top: 0px !important;}\u00bb css_params=\u00bb\u00bb el_class=\u00bbbutton-primary-child no-float justify-content-center no-margin\u00bb link=\u00bburl:https%3A%2F%2Fforms.zohopublic.com%2Fpetroleosdeltasa%2Fform%2FFormularioparaAdjuntarDocumentosSolicitudMaxiflota%2Fformperma%2FhRuvs7atcxGXbtkIQ4gj9DmgDF8iiltysfQhbXSyjM8|target:_blank\u00bb][\/vc_column_inner][\/vc_row_inner][\/vc_column][\/vc_row][\/vc_section]<\/p>\n<\/div>","protected":false},"excerpt":{"rendered":"<p>[vc_section conditional_render=\u00bb%5B%7B%22value_role%22%3A%22administrator%22%7D%5D\u00bb css_params=\u00bb\u00bb][vc_row][vc_column width=\u00bb1\/3&#8243; conditional_render=\u00bb%5B%7B%22value_role%22%3A%22administrator%22%7D%5D\u00bb css_params=\u00bb\u00bb css=\u00bb.vc_custom_1735245501680{padding-top: 50px !important;}\u00bb el_class=\u00bbsticky-custom\u00bb][vc_row_inner][vc_column_inner][\/vc_column_inner][\/vc_row_inner][vc_row_inner css=\u00bb.vc_custom_1692906757579{padding-top: 15px !important;}\u00bb][vc_column_inner el_class=\u00bbcustom-list-check\u00bb css_params=\u00bb\u00bb][vc_column_text css=\u00bb.vc_custom_1735248340156{padding-right: 0px !important;padding-left: 0px !important;}\u00bb css_params=\u00bb\u00bb] L\u00edmites en Dinero o Litros Cantidad de Transacciones Diarias D\u00edas y Horario de Consumo Estaciones autorizadas Ingreso y validaci\u00f3n de kilometraje Tipo de Producto a consumir [\/vc_column_text][\/vc_column_inner][\/vc_row_inner][vc_row_inner el_class=\u00bbd-none\u00bb css_params=\u00bb\u00bb][vc_column_inner][vc_single_image image=\u00bb18597&#8243; img_size=\u00bbfull\u00bb alignment=\u00bbcenter\u00bb css=\u00bb.vc_custom_1735245088982{margin-bottom: 0px [&hellip;]<\/p>\n","protected":false},"author":1,"featured_media":0,"parent":19,"menu_order":0,"comment_status":"closed","ping_status":"closed","template":"","meta":{"inline_featured_image":false,"_monsterinsights_skip_tracking":false,"_monsterinsights_sitenote_active":false,"_monsterinsights_sitenote_note":"","_monsterinsights_sitenote_category":0,"footnotes":""},"class_list":["post-925","page","type-page","status-publish","hentry"],"_links":{"self":[{"href":"https:\/\/www.petrodelta.com\/pa\/wp-json\/wp\/v2\/pages\/925","targetHints":{"allow":["GET"]}}],"collection":[{"href":"https:\/\/www.petrodelta.com\/pa\/wp-json\/wp\/v2\/pages"}],"about":[{"href":"https:\/\/www.petrodelta.com\/pa\/wp-json\/wp\/v2\/types\/page"}],"author":[{"embeddable":true,"href":"https:\/\/www.petrodelta.com\/pa\/wp-json\/wp\/v2\/users\/1"}],"replies":[{"embeddable":true,"href":"https:\/\/www.petrodelta.com\/pa\/wp-json\/wp\/v2\/comments?post=925"}],"version-history":[{"count":0,"href":"https:\/\/www.petrodelta.com\/pa\/wp-json\/wp\/v2\/pages\/925\/revisions"}],"up":[{"embeddable":true,"href":"https:\/\/www.petrodelta.com\/pa\/wp-json\/wp\/v2\/pages\/19"}],"wp:attachment":[{"href":"https:\/\/www.petrodelta.com\/pa\/wp-json\/wp\/v2\/media?parent=925"}],"curies":[{"name":"wp","href":"https:\/\/api.w.org\/{rel}","templated":true}]}}