{"id":850,"date":"2021-07-12T14:18:43","date_gmt":"2021-07-12T14:18:43","guid":{"rendered":"https:\/\/www.petrodelta.com\/pa\/?page_id=850"},"modified":"2023-08-24T18:58:33","modified_gmt":"2023-08-24T18:58:33","slug":"servicios-industriales","status":"publish","type":"page","link":"https:\/\/www.petrodelta.com\/pa\/servicios\/servicios-industriales\/","title":{"rendered":"Servicios Industriales"},"content":{"rendered":"<div class=\"wpb-content-wrapper\"><p>[vc_row wrap_container=\u00bbyes\u00bb no_padding=\u00bbyes\u00bb css=\u00bb.vc_custom_1626654346126{padding-top: 50px !important;}\u00bb][vc_column][vc_custom_heading text=\u00bbProductos y Servicios a la Industria\u00bb font_container=\u00bbtag:h2|text_align:center|line_height:1.5&#8243; use_theme_fonts=\u00bbyes\u00bb text_transform=\u00bbtext-uppercase\u00bb font_weight=\u00bb400&#8243; enable_typewriter=\u00bbyes\u00bb typewriter_delay=\u00bb1000&#8243; typewriter_width=\u00bb100px\u00bb animation_delay=\u00bb100&#8243; el_class=\u00bbcustom-highlight-1&#8243;][vc_row_inner animation_duration=\u00bb2000&#8243; animation_delay=\u00bb200&#8243; animation_type=\u00bbfadeIn\u00bb][vc_column_inner el_class=\u00bbbox-serv-ind ml-0 ml-lg-4&#8243; offset=\u00bbvc_col-md-12 vc_col-xs-12&#8243; css=\u00bb.vc_custom_1626706447534{padding-top: 20px !important;}\u00bb]<div class=\"porto-carousel owl-carousel has-ccols ccols-xl-1 ccols-lg-1 ccols-md-1 ccols-sm-1 ccols-1 wpb_custom_9c482bfa696627324799fc9434842f1d dots-style-1\" data-plugin-options=\"{&quot;themeConfig&quot;:true,&quot;stagePadding&quot;:0,&quot;margin&quot;:0,&quot;autoplay&quot;:&quot;yes&quot;,&quot;mouseDrag&quot;:true,&quot;touchDrag&quot;:true,&quot;autoplayTimeout&quot;:4000,&quot;autoplayHoverPause&quot;:&quot;true&quot;,&quot;items&quot;:1,&quot;xl&quot;:1,&quot;lg&quot;:1,&quot;md&quot;:1,&quot;sm&quot;:1,&quot;xs&quot;:1,&quot;nav&quot;:false,&quot;dots&quot;:&quot;yes&quot;,&quot;animateIn&quot;:&quot;&quot;,&quot;animateOut&quot;:&quot;&quot;,&quot;loop&quot;:&quot;yes&quot;,&quot;center&quot;:false,&quot;video&quot;:false,&quot;lazyLoad&quot;:false,&quot;fullscreen&quot;:false}\">[vc_single_image image=\u00bb1126&#8243; img_size=\u00bbfull\u00bb][vc_single_image image=\u00bb1132&#8243; img_size=\u00bbfull\u00bb][vc_single_image image=\u00bb1520&#8243; img_size=\u00bbfull\u00bb][vc_single_image image=\u00bb1526&#8243; img_size=\u00bbfull\u00bb]<\/div><div class=\"porto-sicon-box  wpb_custom_1efe903570d178ff0a9b7bfa5febd3a4 style_1 left-icon\"><div class=\"porto-sicon-left\"><div class=\"porto-just-icon-wrapper porto-icon none\" style=\"color:#f77f00;font-size:20px;\"><i class=\"fas fa-check-circle\"><\/i><\/div><\/div><div class=\"porto-sicon-body\"><div class=\"porto-sicon-description\" style=\"\">Delta suministra combustibles y lubricantes a una gran variedad de industrias, comercios y entidades del gobierno de Panam\u00e1 (tanto aut\u00f3nomas como semi-aut\u00f3nomas).<\/div> <!-- description --><\/div><\/div><!-- porto-sicon-box --><div class=\"porto-sicon-box  wpb_custom_1efe903570d178ff0a9b7bfa5febd3a4 style_1 left-icon\"><div class=\"porto-sicon-left\"><div class=\"porto-just-icon-wrapper porto-icon none\" style=\"color:#f77f00;font-size:20px;\"><i class=\"fas fa-check-circle\"><\/i><\/div><\/div><div class=\"porto-sicon-body\"><div class=\"porto-sicon-description\" style=\"\">Delta es la petrolera con mayor n\u00famero de clientes comerciales e industriales a nivel nacional, distribuidos en diversos tipos de empresas como las del transporte de carga, cooperativas, constructoras, f\u00e1bricas de cemento, baldosas, bloques, concreteras, aerol\u00edneas locales e internacionales, hoteles, lavander\u00edas, barcos pesqueros, marinas, puertos, ingenios azucareros, mataderos, cervecer\u00edas, embotelladoras, productoras y empacadoras de alimentos y bebidas, industria agr\u00edcola y av\u00edcola en general, entre otra<\/div> <!-- description --><\/div><\/div><!-- porto-sicon-box --><div class=\"porto-sicon-box  wpb_custom_1efe903570d178ff0a9b7bfa5febd3a4 style_1 left-icon\"><div class=\"porto-sicon-left\"><div class=\"porto-just-icon-wrapper porto-icon none\" style=\"color:#f77f00;font-size:20px;\"><i class=\"fas fa-check-circle\"><\/i><\/div><\/div><div class=\"porto-sicon-body\"><div class=\"porto-sicon-description\" style=\"\">El equipo de ventas de Delta, tiene amplia experiencia en el mercado y ofrece un servicio personalizado. Ofrecemos una amplia gama de combustibles que incluyen gasolina, di\u00e9sel, kerosene, combustible de aviaci\u00f3n, Bunker C, Asfaltos recortados y AC-30, as\u00ed como una amplia gama de lubricantes Mobil, de \u00faltima generaci\u00f3n.<\/div> <!-- description --><\/div><\/div><!-- porto-sicon-box --><div class=\"porto-sicon-box  wpb_custom_1efe903570d178ff0a9b7bfa5febd3a4 style_1 left-icon\"><div class=\"porto-sicon-left\"><div class=\"porto-just-icon-wrapper porto-icon none\" style=\"color:#f77f00;font-size:20px;\"><i class=\"fas fa-check-circle\"><\/i><\/div><\/div><div class=\"porto-sicon-body\"><div class=\"porto-sicon-description\" style=\"\">Nuestro servicio incluye:<\/p>\n<ul class=\"pl-3 list-unstyled\">\n<li class=\"pb-2\">1. Instalaci\u00f3n de equipos para el manejo de los combustibles y lubricantes.<\/li>\n<li class=\"pb-2\">2. Mantenimiento de los equipos instalados.<\/li>\n<li class=\"pb-2\">3. Un Centro de Servicio al Cliente para atender sus solicitudes y consultas.<\/li>\n<li class=\"pb-2\">4. Plataformas en la web para hacer sus pedidos, reportes de mantenimiento y f\u00e1cil acceso a sus facturas.<\/li>\n<li class=\"pb-2\">5. Entrenamiento y gu\u00eda en procedimientos de seguridad y cuidado del medio ambiente, manejo de su bomba de patio, tr\u00e1mite de permisos requeridos para operar su bomba de patio, as\u00ed como procedimientos de manejo de emergencias.<\/li>\n<li class=\"\">6. Atenci\u00f3n con personal especializado en conocimiento de lubricantes, que puede entrenar a su personal y dar recomendaciones para el uso en sus equipos, que garantice ahorros a largo plazo para su empresa.<\/li>\n<\/ul>\n<p><\/div> <!-- description --><\/div><\/div><!-- porto-sicon-box --><div class=\"porto-sicon-box  vc_custom_1628519580842  wpb_custom_1efe903570d178ff0a9b7bfa5febd3a4 style_1 left-icon\"><div class=\"porto-sicon-left\"><div class=\"porto-just-icon-wrapper porto-icon none\" style=\"color:#f77f00;font-size:20px;\"><i class=\"fas fa-check-circle\"><\/i><\/div><\/div><div class=\"porto-sicon-body\"><div class=\"porto-sicon-description\" style=\"\">Los m\u00e1s de 38 a\u00f1os de experiencia, un esmerado servicio y una excelente calidad de sus productos y servicios, han sido factores claves para que Delta haya mantenido y ampliado su privilegiada posici\u00f3n como l\u00edder en el suministro de combustibles a los comercios e industrias de Panam\u00e1<\/div> <!-- description --><\/div><\/div><!-- porto-sicon-box -->[\/vc_column_inner][\/vc_row_inner][\/vc_column][\/vc_row]<\/p>\n<\/div>","protected":false},"excerpt":{"rendered":"<p>[vc_row wrap_container=\u00bbyes\u00bb no_padding=\u00bbyes\u00bb css=\u00bb.vc_custom_1626654346126{padding-top: 50px !important;}\u00bb][vc_column][vc_custom_heading text=\u00bbProductos y Servicios a la Industria\u00bb font_container=\u00bbtag:h2|text_align:center|line_height:1.5&#8243; use_theme_fonts=\u00bbyes\u00bb text_transform=\u00bbtext-uppercase\u00bb font_weight=\u00bb400&#8243; enable_typewriter=\u00bbyes\u00bb typewriter_delay=\u00bb1000&#8243; typewriter_width=\u00bb100px\u00bb animation_delay=\u00bb100&#8243; el_class=\u00bbcustom-highlight-1&#8243;][vc_row_inner animation_duration=\u00bb2000&#8243; animation_delay=\u00bb200&#8243; animation_type=\u00bbfadeIn\u00bb][vc_column_inner el_class=\u00bbbox-serv-ind ml-0 ml-lg-4&#8243; offset=\u00bbvc_col-md-12 vc_col-xs-12&#8243; css=\u00bb.vc_custom_1626706447534{padding-top: 20px !important;}\u00bb][\/vc_column_inner][\/vc_row_inner][\/vc_column][\/vc_row]<\/p>\n","protected":false},"author":1,"featured_media":0,"parent":19,"menu_order":0,"comment_status":"closed","ping_status":"closed","template":"","meta":{"inline_featured_image":false,"_monsterinsights_skip_tracking":false,"_monsterinsights_sitenote_active":false,"_monsterinsights_sitenote_note":"","_monsterinsights_sitenote_category":0,"footnotes":""},"class_list":["post-850","page","type-page","status-publish","hentry"],"_links":{"self":[{"href":"https:\/\/www.petrodelta.com\/pa\/wp-json\/wp\/v2\/pages\/850","targetHints":{"allow":["GET"]}}],"collection":[{"href":"https:\/\/www.petrodelta.com\/pa\/wp-json\/wp\/v2\/pages"}],"about":[{"href":"https:\/\/www.petrodelta.com\/pa\/wp-json\/wp\/v2\/types\/page"}],"author":[{"embeddable":true,"href":"https:\/\/www.petrodelta.com\/pa\/wp-json\/wp\/v2\/users\/1"}],"replies":[{"embeddable":true,"href":"https:\/\/www.petrodelta.com\/pa\/wp-json\/wp\/v2\/comments?post=850"}],"version-history":[{"count":0,"href":"https:\/\/www.petrodelta.com\/pa\/wp-json\/wp\/v2\/pages\/850\/revisions"}],"up":[{"embeddable":true,"href":"https:\/\/www.petrodelta.com\/pa\/wp-json\/wp\/v2\/pages\/19"}],"wp:attachment":[{"href":"https:\/\/www.petrodelta.com\/pa\/wp-json\/wp\/v2\/media?parent=850"}],"curies":[{"name":"wp","href":"https:\/\/api.w.org\/{rel}","templated":true}]}}