{"id":19814,"date":"2025-12-04T03:19:04","date_gmt":"2025-12-04T03:19:04","guid":{"rendered":"https:\/\/www.petrodelta.com\/pa\/?page_id=19814"},"modified":"2026-01-28T19:45:09","modified_gmt":"2026-01-28T19:45:09","slug":"diesel-exhaust-fluid","status":"publish","type":"page","link":"https:\/\/www.petrodelta.com\/pa\/diesel-exhaust-fluid\/","title":{"rendered":"DEF \u2013 Diesel Exhaust Fluid"},"content":{"rendered":"<div class=\"wpb-content-wrapper\"><p>[vc_section css=\u00bb.vc_custom_1764792015655{padding-top: 50px !important;padding-bottom: 70px !important;background-color: #439174 !important;}\u00bb conditional_render=\u00bb%5B%7B%22value_role%22%3A%22administrator%22%7D%5D\u00bb css_params=\u00bb\u00bb][vc_row css=\u00bb.vc_custom_1764792056268{padding-bottom: 35px !important;}\u00bb conditional_render=\u00bb%5B%7B%22value_role%22%3A%22administrator%22%7D%5D\u00bb css_params=\u00bb\u00bb][vc_column conditional_render=\u00bb%5B%7B%22value_role%22%3A%22administrator%22%7D%5D\u00bb css_params=\u00bb\u00bb]<div class=\"porto-u-heading mb-0  wpb_custom_3c1d8354e0af26fdc7f1804fa89e2ec3 porto-u-55ca8359258f9a412be7e73af65d2aac \"><div class=\"porto-u-main-heading\"><h2   style=\"color:#ffffff;\">DEF est\u00e1 dise\u00f1ada para proporcionar<\/h2><\/div><style>.porto-u-55ca8359258f9a412be7e73af65d2aac.porto-u-heading{text-align:center}<\/style><\/div>[\/vc_column][\/vc_row][vc_row wrap_container=\u00bbyes\u00bb conditional_render=\u00bb%5B%7B%22value_role%22%3A%22administrator%22%7D%5D\u00bb css_params=\u00bb\u00bb][vc_column width=\u00bb1\/2&#8243;]<div class=\"porto-carousel owl-carousel has-ccols ccols-xl-1 ccols-lg-1 ccols-md-1 ccols-sm-1 ccols-1 mb-0 just-left-arrow wpb_custom_926062583b125dde9cc70b343268ea38 custom-pos\" data-plugin-options=\"{&quot;themeConfig&quot;:true,&quot;stagePadding&quot;:0,&quot;margin&quot;:0,&quot;autoplay&quot;:false,&quot;mouseDrag&quot;:true,&quot;touchDrag&quot;:true,&quot;autoplayTimeout&quot;:5000,&quot;autoplayHoverPause&quot;:false,&quot;items&quot;:1,&quot;xl&quot;:1,&quot;lg&quot;:1,&quot;md&quot;:1,&quot;sm&quot;:1,&quot;xs&quot;:1,&quot;nav&quot;:&quot;yes&quot;,&quot;dots&quot;:false,&quot;animateIn&quot;:&quot;&quot;,&quot;animateOut&quot;:&quot;&quot;,&quot;loop&quot;:false,&quot;center&quot;:false,&quot;video&quot;:false,&quot;lazyLoad&quot;:false,&quot;fullscreen&quot;:false}\">[vc_row_inner][vc_column_inner width=\u00bb1\/2&#8243;][vc_single_image image=\u00bb19834&#8243; img_size=\u00bbfull\u00bb css=\u00bb\u00bb css_params=\u00bb\u00bb el_class=\u00bbmb-lg-0 mb-3&#8243; img_mwidth=\u00bb{\u00abxl\u00ab:\u00ab\u00ab,\u00abunit\u00ab:\u00ab\u00ab,\u00abxs\u00ab:\u00ab\u00ab,\u00absm\u00ab:\u00ab\u00ab,\u00abmd\u00ab:\u00ab\u00ab,\u00ablg\u00ab:\u00ab250\u00ab}\u00bb][\/vc_column_inner][vc_column_inner width=\u00bb1\/2&#8243;]<div class=\"porto-u-heading pl-lg-0 pl-3 custom-line-title pb-3  wpb_custom_ec01433711e95918052058465b3afc68 porto-u-ad87e2eaf3f9c495180fe0156ddf3eb0 \"><div class=\"porto-u-main-heading\"><h2   style=\"color:#ffffff;\">MENOS EMISIONES<\/h2><\/div><div class=\"porto-u-sub-heading\" style=\"color: #ffffff;\">Reduce emisiones contaminantes al trabajar junto al sistema SCR, transformando los \u00f3xidos de nitr\u00f3geno en vapor de agua y nitr\u00f3geno, disminuyendo el impacto ambiental y ayudando a cumplir normas de emisi\u00f3n.<\/div><style>.porto-u-ad87e2eaf3f9c495180fe0156ddf3eb0.porto-u-heading{text-align:left}<\/style><\/div>[\/vc_column_inner][\/vc_row_inner]<\/div>[\/vc_column][vc_column width=\u00bb1\/2&#8243;]<div class=\"porto-carousel owl-carousel has-ccols ccols-xl-1 ccols-lg-1 ccols-md-1 ccols-sm-1 ccols-1 mb-0 just-left-arrow wpb_custom_926062583b125dde9cc70b343268ea38 custom-pos\" data-plugin-options=\"{&quot;themeConfig&quot;:true,&quot;stagePadding&quot;:0,&quot;margin&quot;:0,&quot;autoplay&quot;:false,&quot;mouseDrag&quot;:true,&quot;touchDrag&quot;:true,&quot;autoplayTimeout&quot;:5000,&quot;autoplayHoverPause&quot;:false,&quot;items&quot;:1,&quot;xl&quot;:1,&quot;lg&quot;:1,&quot;md&quot;:1,&quot;sm&quot;:1,&quot;xs&quot;:1,&quot;nav&quot;:&quot;yes&quot;,&quot;dots&quot;:false,&quot;animateIn&quot;:&quot;&quot;,&quot;animateOut&quot;:&quot;&quot;,&quot;loop&quot;:false,&quot;center&quot;:false,&quot;video&quot;:false,&quot;lazyLoad&quot;:false,&quot;fullscreen&quot;:false}\">[vc_row_inner][vc_column_inner width=\u00bb1\/2&#8243;][vc_single_image image=\u00bb19833&#8243; img_size=\u00bbfull\u00bb css=\u00bb\u00bb css_params=\u00bb\u00bb el_class=\u00bbmb-lg-0 mb-3&#8243; img_mwidth=\u00bb{\u00abxl\u00ab:\u00ab\u00ab,\u00abunit\u00ab:\u00ab\u00ab,\u00abxs\u00ab:\u00ab\u00ab,\u00absm\u00ab:\u00ab\u00ab,\u00abmd\u00ab:\u00ab\u00ab,\u00ablg\u00ab:\u00ab250\u00ab}\u00bb][\/vc_column_inner][vc_column_inner width=\u00bb1\/2&#8243;]<div class=\"porto-u-heading pl-lg-0 pl-3 custom-line-title  wpb_custom_ec01433711e95918052058465b3afc68 porto-u-ad87e2eaf3f9c495180fe0156ddf3eb0 \"><div class=\"porto-u-main-heading\"><h2   style=\"color:#ffffff;\">M\u00c1S RENDIMIENTO<\/h2><\/div><div class=\"porto-u-sub-heading\" style=\"color: #ffffff;\">Mejora la eficiencia del motor al apoyar el trabajo del sistema SCR, permitiendo una combusti\u00f3n m\u00e1s controlada, reduciendo esfuerzos innecesarios y ayudando a mantener un rendimiento confiable en operaci\u00f3n.<\/div><style>.porto-u-ad87e2eaf3f9c495180fe0156ddf3eb0.porto-u-heading{text-align:left}<\/style><\/div>[\/vc_column_inner][\/vc_row_inner]<\/div>[\/vc_column][\/vc_row][\/vc_section][vc_section css=\u00bb.vc_custom_1764788412789{padding-bottom: 50px !important;background-color: var(&#8211;porto-primary-color) !important;}\u00bb conditional_render=\u00bb%5B%7B%22value_role%22%3A%22administrator%22%7D%5D\u00bb css_params=\u00bb\u00bb][vc_row wrap_container=\u00bbyes\u00bb conditional_render=\u00bb%5B%7B%22value_role%22%3A%22administrator%22%7D%5D\u00bb css_params=\u00bb\u00bb css=\u00bb.vc_custom_1764789796875{padding-bottom: 0px !important;}\u00bb][vc_column el_class=\u00bbcustom-max-img-500&#8243; conditional_render=\u00bb%5B%7B%22value_role%22%3A%22administrator%22%7D%5D\u00bb css_params=\u00bb\u00bb]<div class=\"porto-u-heading mb-0  wpb_custom_92e5f4c2ac1216cf90a8ae3b8495013d porto-u-55ca8359258f9a412be7e73af65d2aac \"><div class=\"porto-u-sub-heading\" style=\"color: #ffffff;margin-bottom:0px;\">Disponible venta a granel en Estaci\u00f3n Paso Elevado<\/div><style>.porto-u-55ca8359258f9a412be7e73af65d2aac.porto-u-heading{text-align:center}<\/style><\/div>[\/vc_column][\/vc_row][\/vc_section][vc_section content_placement=\u00bbmiddle\u00bb conditional_render=\u00bb%5B%7B%22value_role%22%3A%22administrator%22%7D%5D\u00bb css_params=\u00bb\u00bb css=\u00bb.vc_custom_1743433253572{padding-top: 50px !important;padding-bottom: 35px !important;background-color: #e4e8e9 !important;}\u00bb][vc_row wrap_container=\u00bbyes\u00bb conditional_render=\u00bb%5B%7B%22value_role%22%3A%22administrator%22%7D%5D\u00bb css_params=\u00bb\u00bb][vc_column]<div class=\"porto-carousel owl-carousel has-ccols ccols-xl-1 ccols-lg-1 ccols-md-1 ccols-sm-1 ccols-1 stage-margin wpb_custom_842e3452a0f7e59eb8276ed89814d9e4\" data-plugin-options=\"{&quot;themeConfig&quot;:true,&quot;stagePadding&quot;:25,&quot;margin&quot;:0,&quot;autoplay&quot;:false,&quot;mouseDrag&quot;:true,&quot;touchDrag&quot;:true,&quot;autoplayTimeout&quot;:5000,&quot;autoplayHoverPause&quot;:false,&quot;items&quot;:1,&quot;xl&quot;:1,&quot;lg&quot;:1,&quot;md&quot;:1,&quot;sm&quot;:1,&quot;xs&quot;:1,&quot;nav&quot;:false,&quot;dots&quot;:&quot;yes&quot;,&quot;animateIn&quot;:&quot;&quot;,&quot;animateOut&quot;:&quot;&quot;,&quot;loop&quot;:false,&quot;center&quot;:false,&quot;video&quot;:false,&quot;lazyLoad&quot;:false,&quot;fullscreen&quot;:false}\">[vc_row_inner][vc_column_inner width=\u00bb1\/2&#8243;][vc_single_image image=\u00bb19882&#8243; img_size=\u00bbfull\u00bb alignment=\u00bbcenter\u00bb css=\u00bb.vc_custom_1764829437556{padding-bottom: 20px !important;}\u00bb css_params=\u00bb\u00bb el_class=\u00bbrounded-image\u00bb][vc_single_image image=\u00bb19937&#8243; img_size=\u00bbfull\u00bb alignment=\u00bbcenter\u00bb css=\u00bb.vc_custom_1769629198238{padding-bottom: 20px !important;}\u00bb css_params=\u00bb\u00bb el_class=\u00bbrounded-image\u00bb label=\u00bb\u00bb][vc_single_image image=\u00bb19938&#8243; img_size=\u00bbfull\u00bb alignment=\u00bbcenter\u00bb css=\u00bb.vc_custom_1769629212724{padding-bottom: 20px !important;}\u00bb css_params=\u00bb\u00bb el_class=\u00bbrounded-image\u00bb label=\u00bb\u00bb][\/vc_column_inner][vc_column_inner width=\u00bb1\/2&#8243;]<div class=\"porto-u-heading  wpb_custom_42a280ef82d1b77ea09e68129ff97015 porto-u-ad87e2eaf3f9c495180fe0156ddf3eb0 \"><div class=\"porto-u-main-heading\"><h2   style=\"margin-bottom: 14px;\">DEF \u2013 Diesel Exhaust Fluid<\/h2><\/div><div class=\"porto-u-sub-heading\" style=\"\">El&nbsp;<b>Fluido de Escape Di\u00e9sel (DEF)<\/b>&nbsp;es una soluci\u00f3n compuesta por&nbsp;<b>urea sint\u00e9tica de grado automotriz (32.5%)<\/b>&nbsp;y&nbsp;<b>agua desionizada (67.5%)<\/b>. Su funci\u00f3n principal es reducir significativamente las emisiones de \u00f3xidos de nitr\u00f3geno (NOx) generadas por motores di\u00e9sel modernos mediante el sistema de&nbsp;<b>Reducci\u00f3n Catal\u00edtica Selectiva (SCR)<\/b>.<\/p>\n<p>Este proceso convierte los NOx en vapor de agua y nitr\u00f3geno \u2014componentes naturales del aire\u2014 ayudando a disminuir el impacto ambiental y a cumplir est\u00e1ndares internacionales de emisiones.<\/p>\n<p>Cumple con la norma <b>ISO 22241<\/b>&nbsp;que garantiza calidad, estabilidad y desempe\u00f1o \u00f3ptimo del producto.<\/p>\n<p>La urea es un compuesto de nitr\u00f3geno con m\u00faltiples aplicaciones industriales y agr\u00edcolas. En el caso del DEF, se utiliza una&nbsp;<b>urea sint\u00e9tica de alta pureza<\/b>, especialmente formulada para proteger los sistemas de inyecci\u00f3n y catalizadores de los veh\u00edculos.<\/p>\n<p><b>Otros usos comunes de la urea:<\/b><br \/>\n\u2022 Fertilizante<br \/>\n\u2022 Suplemento alimenticio para animales<br \/>\n\u2022 Componente en adhesivos y resinas<\/p>\n<p><b>Caracter\u00edsticas del DEF<\/b><\/p>\n<table cellpadding=\"0\">\n<tbody>\n<tr>\n<td><b>Propiedad<\/b><\/td>\n<td><b>Descripci\u00f3n<\/b><\/td>\n<\/tr>\n<tr>\n<td>Seguridad<\/td>\n<td>No t\u00f3xico, no peligroso<\/td>\n<\/tr>\n<tr>\n<td>Inflamabilidad<\/td>\n<td>No inflamable<\/td>\n<\/tr>\n<tr>\n<td>Riesgos<\/td>\n<td>No explosivo, riesgo m\u00ednimo en transporte<\/td>\n<\/tr>\n<tr>\n<td>Compatibilidad<\/td>\n<td>Dise\u00f1ado para veh\u00edculos con tecnolog\u00eda SCR<\/td>\n<\/tr>\n<\/tbody>\n<\/table>\n<p>Un producto seguro, estable y esencial para flotas que buscan eficiencia y sostenibilidad.<\/p>\n<p><b>Beneficios<\/b><\/p>\n<p>\u2022 Reduce emisiones contaminantes<br \/>\n\u2022 Mejora la eficiencia del motor<br \/>\n\u2022 Contribuye a un menor consumo de combustible<br \/>\n\u2022 Prolonga la vida del sistema de post-tratamiento<\/p>\n<p><b>\u00a1Nuevo! DEF a granel en Estaciones Delta<\/b><\/p>\n<p>Ya puedes abastecer&nbsp;<b>DEF a granel<\/b>&nbsp;en nuestra estaci\u00f3n&nbsp;<b>Delta Paso Elevado<\/b>.<br \/>\nUna alternativa m\u00e1s pr\u00e1ctica, eficiente y amigable con el ambiente para clientes con veh\u00edculos di\u00e9sel.<\/p>\n<p>Delta \u2014 Energ\u00eda que impulsa un futuro m\u00e1s sostenible.<\/div><style>.porto-u-ad87e2eaf3f9c495180fe0156ddf3eb0.porto-u-heading{text-align:left}<\/style><\/div>[\/vc_column_inner][\/vc_row_inner]<\/div>[\/vc_column][\/vc_row][\/vc_section]<\/p>\n<\/div>","protected":false},"excerpt":{"rendered":"<p>[vc_section css=\u00bb.vc_custom_1764792015655{padding-top: 50px !important;padding-bottom: 70px !important;background-color: #439174 !important;}\u00bb conditional_render=\u00bb%5B%7B%22value_role%22%3A%22administrator%22%7D%5D\u00bb css_params=\u00bb\u00bb][vc_row css=\u00bb.vc_custom_1764792056268{padding-bottom: 35px !important;}\u00bb conditional_render=\u00bb%5B%7B%22value_role%22%3A%22administrator%22%7D%5D\u00bb css_params=\u00bb\u00bb][vc_column conditional_render=\u00bb%5B%7B%22value_role%22%3A%22administrator%22%7D%5D\u00bb css_params=\u00bb\u00bb][\/vc_column][\/vc_row][vc_row wrap_container=\u00bbyes\u00bb conditional_render=\u00bb%5B%7B%22value_role%22%3A%22administrator%22%7D%5D\u00bb css_params=\u00bb\u00bb][vc_column width=\u00bb1\/2&#8243;][\/vc_column][vc_column width=\u00bb1\/2&#8243;][\/vc_column][\/vc_row][\/vc_section][vc_section css=\u00bb.vc_custom_1764788412789{padding-bottom: 50px !important;background-color: var(&#8211;porto-primary-color) !important;}\u00bb conditional_render=\u00bb%5B%7B%22value_role%22%3A%22administrator%22%7D%5D\u00bb css_params=\u00bb\u00bb][vc_row wrap_container=\u00bbyes\u00bb conditional_render=\u00bb%5B%7B%22value_role%22%3A%22administrator%22%7D%5D\u00bb css_params=\u00bb\u00bb css=\u00bb.vc_custom_1764789796875{padding-bottom: 0px !important;}\u00bb][vc_column el_class=\u00bbcustom-max-img-500&#8243; conditional_render=\u00bb%5B%7B%22value_role%22%3A%22administrator%22%7D%5D\u00bb css_params=\u00bb\u00bb][\/vc_column][\/vc_row][\/vc_section][vc_section content_placement=\u00bbmiddle\u00bb conditional_render=\u00bb%5B%7B%22value_role%22%3A%22administrator%22%7D%5D\u00bb css_params=\u00bb\u00bb css=\u00bb.vc_custom_1743433253572{padding-top: 50px !important;padding-bottom: 35px !important;background-color: #e4e8e9 !important;}\u00bb][vc_row wrap_container=\u00bbyes\u00bb conditional_render=\u00bb%5B%7B%22value_role%22%3A%22administrator%22%7D%5D\u00bb css_params=\u00bb\u00bb][vc_column][\/vc_column][\/vc_row][\/vc_section]<\/p>\n","protected":false},"author":1,"featured_media":0,"parent":0,"menu_order":0,"comment_status":"closed","ping_status":"closed","template":"","meta":{"inline_featured_image":false,"_monsterinsights_skip_tracking":false,"_monsterinsights_sitenote_active":false,"_monsterinsights_sitenote_note":"","_monsterinsights_sitenote_category":0,"footnotes":""},"class_list":["post-19814","page","type-page","status-publish","hentry"],"_links":{"self":[{"href":"https:\/\/www.petrodelta.com\/pa\/wp-json\/wp\/v2\/pages\/19814","targetHints":{"allow":["GET"]}}],"collection":[{"href":"https:\/\/www.petrodelta.com\/pa\/wp-json\/wp\/v2\/pages"}],"about":[{"href":"https:\/\/www.petrodelta.com\/pa\/wp-json\/wp\/v2\/types\/page"}],"author":[{"embeddable":true,"href":"https:\/\/www.petrodelta.com\/pa\/wp-json\/wp\/v2\/users\/1"}],"replies":[{"embeddable":true,"href":"https:\/\/www.petrodelta.com\/pa\/wp-json\/wp\/v2\/comments?post=19814"}],"version-history":[{"count":5,"href":"https:\/\/www.petrodelta.com\/pa\/wp-json\/wp\/v2\/pages\/19814\/revisions"}],"predecessor-version":[{"id":19940,"href":"https:\/\/www.petrodelta.com\/pa\/wp-json\/wp\/v2\/pages\/19814\/revisions\/19940"}],"wp:attachment":[{"href":"https:\/\/www.petrodelta.com\/pa\/wp-json\/wp\/v2\/media?parent=19814"}],"curies":[{"name":"wp","href":"https:\/\/api.w.org\/{rel}","templated":true}]}}