{"id":19723,"date":"2025-08-15T20:40:08","date_gmt":"2025-08-15T20:40:08","guid":{"rendered":"https:\/\/www.petrodelta.com\/pa\/?page_id=19723"},"modified":"2025-12-03T17:41:15","modified_gmt":"2025-12-03T17:41:15","slug":"promolomaximo","status":"publish","type":"page","link":"https:\/\/www.petrodelta.com\/pa\/promolomaximo\/","title":{"rendered":"Promo Lo Maximo"},"content":{"rendered":"<div class=\"wpb-content-wrapper\"><p>[vc_row wrap_container=\u00bbyes\u00bb css=\u00bb.vc_custom_1755291980850{padding-top: 70px !important;padding-bottom: 35px !important;background-position: center !important;background-repeat: no-repeat !important;background-size: cover !important;}\u00bb conditional_render=\u00bb%5B%7B%22value_role%22%3A%22administrator%22%7D%5D\u00bb css_params=\u00bb{\u00abcss_padding_top_lg\u00ab:\u00ab50px\u00ab}\u00bb custom_css_response=\u00bb@media(max-width:991px){.vc_custom_1755291980850{padding-top:50px!important;}}\u00bb][vc_column conditional_render=\u00bb%5B%7B%22value_role%22%3A%22administrator%22%7D%5D\u00bb css_params=\u00bb\u00bb]<div class=\"porto-u-heading pb-3 title-page  wpb_custom_2555ac423989a50df0d513a5260a6394 porto-u-55ca8359258f9a412be7e73af65d2aac \"><div class=\"porto-u-main-heading\"><h2   style=\"color:var(--porto-primary-color);\">T\u00e9rminos y Condiciones Promo lo M\u00e1ximo<\/h2><\/div><style>.porto-u-55ca8359258f9a412be7e73af65d2aac.porto-u-heading{text-align:center}<\/style><\/div>[vc_row_inner][vc_column_inner][vc_column_text css=\u00bb\u00bb css_params=\u00bb\u00bb]<\/p>\n<p style=\"font-weight: 400;\"><strong>T\u00e9rminos y Condiciones<\/strong><\/p>\n<ul style=\"font-weight: 400;\">\n<li>Participa al comprar B\/.20.00 o m\u00e1s en combustibles M\u00e1xima Plus 91, M\u00e1xima Plus 95 o Di\u00e9sel M\u00e1xima Plus en estaciones Delta Panam\u00e1.<\/li>\n<\/ul>\n<ul style=\"font-weight: 400;\">\n<li>Registra tu factura en&nbsp;<a href=\"http:\/\/www.deltalomaximo.com\/?utm_source=chatgpt.com\" data-saferedirecturl=\"https:\/\/www.google.com\/url?q=http:\/\/www.deltalomaximo.com?utm_source%3Dchatgpt.com&amp;source=gmail&amp;ust=1756677141678000&amp;usg=AOvVaw0f0SSzRBvzTGANywmqfD4y\">www.deltalomaximo.com<\/a>&nbsp;con tus datos personales (nombre, c\u00e9dula, correo y tel\u00e9fono).<\/li>\n<li>Solo aplican compras al contado (efectivo, Yappy, tarjetas de d\u00e9bito o cr\u00e9dito de cualquier banco).<\/li>\n<li>No participan compras con Maxiflota ni tarjetas de regalo Delta Cards.<\/li>\n<li>Solo son v\u00e1lidas facturas a consumidor final o persona natural.<\/li>\n<li>Promoci\u00f3n v\u00e1lida del 1 de septiembre al 30 de noviembre de 2025.<\/li>\n<li>Los participantes deben ser mayores de edad residentes en Rep\u00fablica de Panam\u00e1<\/li>\n<\/ul>\n<p style=\"font-weight: 400;\"><strong>Acumulaci\u00f3n de boletos electr\u00f3nicos<\/strong><\/p>\n<ul style=\"font-weight: 400;\">\n<li>1 boleto por cada compra de B\/.20.00 o m\u00e1s en una sola transacci\u00f3n.<\/li>\n<li>Los montos no acumulables<\/li>\n<li>Compras realizadas los domingos reciben doble cup\u00f3n<\/li>\n<li>No aplican compras de productos distintos a combustibles (agua, hielo, lubricantes, etc.)<\/li>\n<\/ul>\n<p style=\"font-weight: 400;\">\n<p style=\"font-weight: 400;\"><strong>Premios<\/strong><\/p>\n<ul style=\"font-weight: 400;\">\n<li>175 ganadores en total, distribuidos en 3 sorteos:\n<ul>\n<li>1er sorteo (30 de septiembre): 55 ganadores<\/li>\n<li>2do sorteo (30 de octubre): 55 ganadores<\/li>\n<li>Gran Final (2 de diciembre): 65 ganadores<\/li>\n<\/ul>\n<\/li>\n<li>Sorteos en Oficina Principal Petr\u00f3leos Delta, El Dorado, Panam\u00e1, a las 10:00 a.m.<\/li>\n<li>25 Ganadores de Gasolina por un a\u00f1o y 150 ganadores de bonos de combustible de $250<\/li>\n<\/ul>\n<p>[\/vc_column_text][\/vc_column_inner][\/vc_row_inner][\/vc_column][\/vc_row][vc_section conditional_render=\u00bb%5B%7B%22value_role%22%3A%22administrator%22%7D%5D\u00bb css_params=\u00bb\u00bb css=\u00bb.vc_custom_1756826246095{margin-bottom: 50px !important;}\u00bb][vc_row wrap_container=\u00bbyes\u00bb css=\u00bb.vc_custom_1756597125110{background-position: center !important;background-repeat: no-repeat !important;background-size: cover !important;}\u00bb conditional_render=\u00bb%5B%7B%22value_role%22%3A%22administrator%22%7D%5D\u00bb css_params=\u00bb{\u00abcss_padding_top_lg\u00ab:\u00ab50px\u00ab}\u00bb custom_css_response=\u00bb@media(max-width:991px){.vc_custom_1756597125110{padding-top:50px!important;}}\u00bb][vc_column width=\u00bb1\/3&#8243; conditional_render=\u00bb%5B%7B%22value_role%22%3A%22administrator%22%7D%5D\u00bb css_params=\u00bb\u00bb css=\u00bb.vc_custom_1756826010445{border-bottom-width: 50px !important;}\u00bb][vc_row_inner css_params=\u00bb\u00bb css=\u00bb.vc_custom_1734622867050{padding-right: 10px !important;padding-left: 10px !important;}\u00bb][vc_column_inner el_class=\u00bbcustom-card-white blue-primary no-padding rounded-card\u00bb css_params=\u00bb\u00bb css=\u00bb.vc_custom_1735248182320{background-color: var(&#8211;porto-primary-color) !important;}\u00bb][vc_column_text css=\u00bb.vc_custom_1756823179214{margin-bottom: 0px !important;padding-right: 0px !important;padding-bottom: 20px !important;padding-left: 0px !important;}\u00bb text_color=\u00bb#ffffff\u00bb css_params=\u00bb\u00bb text_typography=\u00bb{\u00abfamily\u00ab:\u00abDefault\u00ab,\u00abvariant\u00ab:\u00ab700\u00ab,\u00abfont_size\u00ab:\u00ab28\u00ab,\u00abline_height\u00ab:\u00ab1\u00ab,\u00abletter_spacing\u00ab:\u00ab\u00ab,\u00abtext_transform\u00ab:\u00ab\u00ab}\u00bb]<\/p>\n<h2 style=\"text-align: center; padding-left: 0 !important;\">Estaciones Participantes<\/h2>\n<p>[\/vc_column_text][vc_btn title=\u00bbConsultar Estaciones\u00bb css=\u00bb.vc_custom_1756823192321{margin-top: 0px !important;}\u00bb css_params=\u00bb\u00bb el_class=\u00bbbutton-primary-child no-float justify-content-center no-margin\u00bb link=\u00bburl:https%3A%2F%2Fwww.petrodelta.com%2Fpa%2Fwp-content%2Fuploads%2F2025%2F09%2FEstaciones-Participantes.pdf|target:_blank\u00bb][\/vc_column_inner][\/vc_row_inner][\/vc_column][vc_column width=\u00bb1\/3&#8243; css=\u00bb.vc_custom_1756826043020{border-bottom-width: 50px !important;}\u00bb conditional_render=\u00bb%5B%7B%22value_role%22%3A%22administrator%22%7D%5D\u00bb css_params=\u00bb\u00bb][vc_row_inner css_params=\u00bb\u00bb css=\u00bb.vc_custom_1734622867050{padding-right: 10px !important;padding-left: 10px !important;}\u00bb][vc_column_inner el_class=\u00bbcustom-card-white blue-primary no-padding rounded-card\u00bb css_params=\u00bb\u00bb css=\u00bb.vc_custom_1735248182320{background-color: var(&#8211;porto-primary-color) !important;}\u00bb][vc_column_text css=\u00bb.vc_custom_1756824573998{margin-bottom: 0px !important;padding-right: 0px !important;padding-bottom: 20px !important;padding-left: 0px !important;}\u00bb text_color=\u00bb#ffffff\u00bb css_params=\u00bb\u00bb text_typography=\u00bb{\u00abfamily\u00ab:\u00abDefault\u00ab,\u00abvariant\u00ab:\u00ab700\u00ab,\u00abfont_size\u00ab:\u00ab28\u00ab,\u00abline_height\u00ab:\u00ab1\u00ab,\u00abletter_spacing\u00ab:\u00ab\u00ab,\u00abtext_transform\u00ab:\u00ab\u00ab}\u00bb]<\/p>\n<h2 style=\"text-align: center; padding-left: 0 !important;\">Resoluci\u00f3n JCJ<\/h2>\n<p>[\/vc_column_text][vc_btn title=\u00bbConsultar Resoluci\u00f3n\u00bb css=\u00bb.vc_custom_1756824091219{margin-top: 0px !important;}\u00bb css_params=\u00bb\u00bb el_class=\u00bbbutton-primary-child no-float justify-content-center no-margin\u00bb link=\u00bburl:http%3A%2F%2Fwww.petrodelta.com%2Fpa%2Fwp-content%2Fuploads%2F2025%2F08%2Fresolucion-de-aprobacion-de-promocion-comercial-Delta.pdf|target:_blank\u00bb][\/vc_column_inner][\/vc_row_inner][\/vc_column][vc_column width=\u00bb1\/3&#8243;][vc_row_inner css_params=\u00bb\u00bb css=\u00bb.vc_custom_1734622867050{padding-right: 10px !important;padding-left: 10px !important;}\u00bb][vc_column_inner el_class=\u00bbcustom-card-white blue-primary no-padding rounded-card\u00bb css_params=\u00bb\u00bb css=\u00bb.vc_custom_1735248182320{background-color: var(&#8211;porto-primary-color) !important;}\u00bb][vc_column_text css=\u00bb.vc_custom_1762717346806{margin-bottom: 0px !important;padding-right: 0px !important;padding-bottom: 20px !important;padding-left: 0px !important;}\u00bb text_color=\u00bb#ffffff\u00bb css_params=\u00bb\u00bb text_typography=\u00bb{\u00abfamily\u00ab:\u00abDefault\u00ab,\u00abvariant\u00ab:\u00ab700\u00ab,\u00abfont_size\u00ab:\u00ab28\u00ab,\u00abline_height\u00ab:\u00ab1\u00ab,\u00abletter_spacing\u00ab:\u00ab\u00ab,\u00abtext_transform\u00ab:\u00ab\u00ab}\u00bb]<\/p>\n<h2 style=\"text-align: center; padding-left: 0 !important;\">Ganadores<\/h2>\n<p>[\/vc_column_text][vc_btn title=\u00bbPrimer Sorteo\u00bb align=\u00bbleft\u00bb css=\u00bb.vc_custom_1762718503222{margin-top: 0px !important;}\u00bb css_params=\u00bb\u00bb el_class=\u00bbbutton-primary-child no-float justify-content-center no-margin\u00bb link=\u00bburl:http%3A%2F%2Fwww.petrodelta.com%2Fpa%2Fwp-content%2Fuploads%2F2025%2F11%2FGanadores_Primer_sorteo_PromoDelta.pdf|target:_blank\u00bb][vc_btn title=\u00bbSegundo Sorteo\u00bb align=\u00bbleft\u00bb css=\u00bb.vc_custom_1762718514038{margin-top: 0px !important;}\u00bb css_params=\u00bb\u00bb el_class=\u00bbbutton-primary-child no-float justify-content-center no-margin\u00bb link=\u00bburl:http%3A%2F%2Fwww.petrodelta.com%2Fpa%2Fwp-content%2Fuploads%2F2025%2F11%2FGanadores_Segundo_sorteo_PromoDelta.pdf|target:_blank\u00bb][vc_btn title=\u00bbTercer Sorteo\u00bb align=\u00bbleft\u00bb css=\u00bb.vc_custom_1764783582330{margin-top: 0px !important;}\u00bb css_params=\u00bb\u00bb el_class=\u00bbbutton-primary-child no-float justify-content-center no-margin\u00bb link=\u00bburl:http%3A%2F%2Fwww.petrodelta.com%2Fpa%2Fwp-content%2Fuploads%2F2025%2F12%2FGanadores_Tercer_Sorteo_PromoDelta.pdf|target:_blank\u00bb][\/vc_column_inner][\/vc_row_inner][\/vc_column][\/vc_row][\/vc_section]<\/p>\n<\/div>","protected":false},"excerpt":{"rendered":"<p>[vc_row wrap_container=\u00bbyes\u00bb css=\u00bb.vc_custom_1755291980850{padding-top: 70px !important;padding-bottom: 35px !important;background-position: center !important;background-repeat: no-repeat !important;background-size: cover !important;}\u00bb conditional_render=\u00bb%5B%7B%22value_role%22%3A%22administrator%22%7D%5D\u00bb css_params=\u00bb{\u00abcss_padding_top_lg\u00ab:\u00ab50px\u00ab}\u00bb custom_css_response=\u00bb@media(max-width:991px){.vc_custom_1755291980850{padding-top:50px!important;}}\u00bb][vc_column conditional_render=\u00bb%5B%7B%22value_role%22%3A%22administrator%22%7D%5D\u00bb css_params=\u00bb\u00bb][vc_row_inner][vc_column_inner][vc_column_text css=\u00bb\u00bb css_params=\u00bb\u00bb] T\u00e9rminos y Condiciones Participa al comprar B\/.20.00 o m\u00e1s en combustibles M\u00e1xima Plus 91, M\u00e1xima Plus 95 o Di\u00e9sel M\u00e1xima Plus en estaciones Delta Panam\u00e1. Registra tu factura en&nbsp;www.deltalomaximo.com&nbsp;con tus datos personales (nombre, c\u00e9dula, correo [&hellip;]<\/p>\n","protected":false},"author":1,"featured_media":0,"parent":0,"menu_order":0,"comment_status":"closed","ping_status":"closed","template":"","meta":{"inline_featured_image":false,"_monsterinsights_skip_tracking":false,"_monsterinsights_sitenote_active":false,"_monsterinsights_sitenote_note":"","_monsterinsights_sitenote_category":0,"footnotes":""},"class_list":["post-19723","page","type-page","status-publish","hentry"],"_links":{"self":[{"href":"https:\/\/www.petrodelta.com\/pa\/wp-json\/wp\/v2\/pages\/19723","targetHints":{"allow":["GET"]}}],"collection":[{"href":"https:\/\/www.petrodelta.com\/pa\/wp-json\/wp\/v2\/pages"}],"about":[{"href":"https:\/\/www.petrodelta.com\/pa\/wp-json\/wp\/v2\/types\/page"}],"author":[{"embeddable":true,"href":"https:\/\/www.petrodelta.com\/pa\/wp-json\/wp\/v2\/users\/1"}],"replies":[{"embeddable":true,"href":"https:\/\/www.petrodelta.com\/pa\/wp-json\/wp\/v2\/comments?post=19723"}],"version-history":[{"count":0,"href":"https:\/\/www.petrodelta.com\/pa\/wp-json\/wp\/v2\/pages\/19723\/revisions"}],"wp:attachment":[{"href":"https:\/\/www.petrodelta.com\/pa\/wp-json\/wp\/v2\/media?parent=19723"}],"curies":[{"name":"wp","href":"https:\/\/api.w.org\/{rel}","templated":true}]}}