{"id":19205,"date":"2024-12-26T18:43:19","date_gmt":"2024-12-26T18:43:19","guid":{"rendered":"https:\/\/www.petrodelta.com\/pa\/?page_id=19205"},"modified":"2025-06-18T19:51:28","modified_gmt":"2025-06-18T19:51:28","slug":"industriales","status":"publish","type":"page","link":"https:\/\/www.petrodelta.com\/pa\/industriales\/","title":{"rendered":"Industriales"},"content":{"rendered":"<div class=\"wpb-content-wrapper\"><p>[vc_section css=\u00bb.vc_custom_1734549504810{padding-top: 50px !important;padding-bottom: 50px !important;background-color: #e4e8e9 !important;}\u00bb conditional_render=\u00bb%5B%7B%22value_role%22%3A%22administrator%22%7D%5D\u00bb css_params=\u00bb\u00bb][vc_row css=\u00bb.vc_custom_1735236119577{padding-bottom: 20px !important;}\u00bb conditional_render=\u00bb%5B%7B%22value_role%22%3A%22administrator%22%7D%5D\u00bb css_params=\u00bb\u00bb][vc_column conditional_render=\u00bb%5B%7B%22value_role%22%3A%22administrator%22%7D%5D\u00bb css_params=\u00bb\u00bb]<div class=\"porto-u-heading mb-0 title-page  wpb_custom_5c8e86fad80697f4b7902d9f5e77e601 porto-u-55ca8359258f9a412be7e73af65d2aac \"><div class=\"porto-u-main-heading\"><h2   style=\"color:var(--porto-primary-color);\">DELTA: IMPULSANDO INDUSTRIAS<\/h2><\/div><style>.porto-u-55ca8359258f9a412be7e73af65d2aac.porto-u-heading{text-align:center}<\/style><\/div>[\/vc_column][\/vc_row][vc_row wrap_container=\u00bbyes\u00bb conditional_render=\u00bb%5B%7B%22value_role%22%3A%22administrator%22%7D%5D\u00bb css_params=\u00bb\u00bb el_class=\u00bbbox-margin-left\u00bb][vc_column css=\u00bb.vc_custom_1735235985982{padding-right: 14px !important;}\u00bb conditional_render=\u00bb%5B%7B%22value_role%22%3A%22administrator%22%7D%5D\u00bb css_params=\u00bb\u00bb offset=\u00bbvc_col-lg-4&#8243; el_class=\u00bbcustom-image-rounded\u00bb][vc_row_inner][vc_column_inner offset=\u00bbvc_hidden-md vc_hidden-sm vc_hidden-xs\u00bb css_params=\u00bb\u00bb][vc_single_image image=\u00bb19492&#8243; img_size=\u00bbfull\u00bb alignment=\u00bbcenter\u00bb css=\u00bb.vc_custom_1739828484986{margin-bottom: 20px !important;}\u00bb css_params=\u00bb\u00bb][vc_single_image image=\u00bb19493&#8243; img_size=\u00bbfull\u00bb alignment=\u00bbcenter\u00bb css=\u00bb.vc_custom_1739828492800{margin-bottom: 20px !important;}\u00bb css_params=\u00bb\u00bb][vc_single_image image=\u00bb19682&#8243; img_size=\u00bbfull\u00bb alignment=\u00bbcenter\u00bb css=\u00bb.vc_custom_1750276282651{margin-bottom: 0px !important;}\u00bb css_params=\u00bb\u00bb label=\u00bb\u00bb][\/vc_column_inner][\/vc_row_inner][vc_row_inner][vc_column_inner offset=\u00bbvc_hidden-xl vc_hidden-lg\u00bb css_params=\u00bb\u00bb]<div class=\"porto-carousel owl-carousel has-ccols has-ccols-spacing ccols-xl-1 ccols-lg-1 ccols-md-1 ccols-sm-1 ccols-1 stage-margin wpb_custom_8ea87761ff6a3c0c10c45a89ef2e5b9a\" data-plugin-options=\"{&quot;themeConfig&quot;:true,&quot;stagePadding&quot;:10,&quot;margin&quot;:10,&quot;autoplay&quot;:&quot;yes&quot;,&quot;mouseDrag&quot;:true,&quot;touchDrag&quot;:true,&quot;autoplayTimeout&quot;:3000,&quot;autoplayHoverPause&quot;:false,&quot;items&quot;:1,&quot;xl&quot;:1,&quot;lg&quot;:1,&quot;md&quot;:1,&quot;sm&quot;:1,&quot;xs&quot;:1,&quot;nav&quot;:false,&quot;dots&quot;:&quot;yes&quot;,&quot;animateIn&quot;:&quot;&quot;,&quot;animateOut&quot;:&quot;&quot;,&quot;loop&quot;:&quot;yes&quot;,&quot;center&quot;:false,&quot;video&quot;:false,&quot;lazyLoad&quot;:false,&quot;fullscreen&quot;:false}\">[vc_single_image image=\u00bb19492&#8243; img_size=\u00bbfull\u00bb alignment=\u00bbcenter\u00bb css=\u00bb\u00bb css_params=\u00bb\u00bb][vc_single_image image=\u00bb19493&#8243; img_size=\u00bbfull\u00bb alignment=\u00bbcenter\u00bb css=\u00bb\u00bb css_params=\u00bb\u00bb][vc_single_image image=\u00bb19494&#8243; img_size=\u00bbfull\u00bb alignment=\u00bbcenter\u00bb css=\u00bb\u00bb css_params=\u00bb\u00bb]<\/div>[\/vc_column_inner][\/vc_row_inner][\/vc_column][vc_column conditional_render=\u00bb%5B%7B%22value_role%22%3A%22administrator%22%7D%5D\u00bb css_params=\u00bb\u00bb offset=\u00bbvc_col-lg-8&#8243;][vc_row_inner css_params=\u00bb\u00bb css=\u00bb.vc_custom_1734622867050{padding-right: 10px !important;padding-left: 10px !important;}\u00bb][vc_column_inner css_params=\u00bb\u00bb]<style>.porto-info-list0d83d94c36bc35e175a219d13b55ff99 i { color: var(--porto-secondary-color);font-size: 20px; }<\/style><ul class=\"porto-info-list  porto-info-list0d83d94c36bc35e175a219d13b55ff99 wpb_custom_8be470179dfea83e9e8c61cb252532eb\"><li class=\"porto-info-list-item pb-2 wpb_custom_c95521d0fb236e8f7f43721ee44abe27\"><i class=\"porto-info-icon fas fa-check-circle\"><\/i><div class=\"porto-info-list-item-desc\"><strong>Nuestro equipo de ventas cuenta con amplia experiencia en el mercado<\/strong> y ofrece un servicio personalizado dispuesto a asesorarle para encontrar la mejor soluci\u00f3n para su empresa<\/div><\/li><li class=\"porto-info-list-item pb-2 wpb_custom_c95521d0fb236e8f7f43721ee44abe27\"><i class=\"porto-info-icon fas fa-check-circle\"><\/i><div class=\"porto-info-list-item-desc\"><strong>Delta suministra combustibles y lubricantes de alta calidad<\/strong> a una amplia variedad de industrias, comercios y entidades gubernamentales.<\/div><\/li><li class=\"porto-info-list-item pb-2 wpb_custom_c95521d0fb236e8f7f43721ee44abe27\"><i class=\"porto-info-icon fas fa-check-circle\"><\/i><div class=\"porto-info-list-item-desc\"><strong>Somos l\u00edderes en Panam\u00e1<\/strong> con el mayor n\u00famero de clientes comerciales e industriales, abarcando todos los segmentos: agroindustria, industria manufacturera, transporte y log\u00edstica, industria pesquera, comercio y servicios, aviaci\u00f3n nacional e internacional, construcci\u00f3n, industria extractiva, industria marina internacional, entre otros.<\/div><\/li><li class=\"porto-info-list-item pb-2 wpb_custom_c95521d0fb236e8f7f43721ee44abe27\"><i class=\"porto-info-icon fas fa-check-circle\"><\/i><div class=\"porto-info-list-item-desc\"><strong>Disponemos de una completa gama de combustibles, que incluye<\/strong>: gasolinas, di\u00e9sel, kerosene, combustible de aviaci\u00f3n, Bunker C, asfaltos recortados y AC-30. Tambi\u00e9n contamos con m\u00e1s de 200 referencias de lubricantes Mobil.<\/div><\/li><li class=\"porto-info-list-item pb-2 wpb_custom_c95521d0fb236e8f7f43721ee44abe27\"><i class=\"porto-info-icon fas fa-check-circle\"><\/i><div class=\"porto-info-list-item-desc\"><strong>Nuestros servicios integrales incluyen:<\/strong><\/p>\n<ol>\n<li>Instalaci\u00f3n de equipos para el manejo de combustibles y lubricantes.<\/li>\n<li>Mantenimiento preventivo y correctivo de los equipos instalados.<\/li>\n<li>Centro de Servicio al Cliente para atenci\u00f3n de solicitudes y consultas.<\/li>\n<li>Plataformas web para realizar pedidos, consultar reportes de mantenimiento y acceder f\u00e1cilmente a sus facturas.<\/li>\n<li>Capacitaci\u00f3n y asesor\u00eda en procedimientos de seguridad, manejo ambiental, operaci\u00f3n de bombas de patio, tr\u00e1mites de permisos y protocolos ante emergencias.<\/li>\n<li>Servicio de ingenier\u00eda planificada para extender la vida \u00fatil de sus equipos y mejorar la eficiencia operativa de su empresa.<\/li>\n<\/ol>\n<p><\/div><\/li><li class=\"porto-info-list-item  wpb_custom_c95521d0fb236e8f7f43721ee44abe27\"><i class=\"porto-info-icon fas fa-check-circle\"><\/i><div class=\"porto-info-list-item-desc\"><strong>Con m\u00e1s de 40 a\u00f1os de experiencia<\/strong>, una atenci\u00f3n esmerada y productos de la m\u00e1s alta calidad, <strong>Delta ha consolidado su posici\u00f3n como l\u00edder en el suministro de combustibles y lubricantes<\/strong> para el sector comercial e industrial en Panam\u00e1.<\/div><\/li><\/ul>[\/vc_column_inner][\/vc_row_inner][\/vc_column][\/vc_row][\/vc_section][vc_row wrap_container=\u00bbyes\u00bb el_id=\u00bbcustom-list\u00bb conditional_render=\u00bb%5B%7B%22value_role%22%3A%22administrator%22%7D%5D\u00bb css=\u00bb.vc_custom_1735229510702{padding-top: 50px !important;padding-bottom: 50px !important;background-color: #f16623 !important;}\u00bb css_params=\u00bb\u00bb][vc_column el_class=\u00bbnosotros-box-text\u00bb offset=\u00bbvc_col-xs-12&#8243; conditional_render=\u00bb%5B%7B%22value_role%22%3A%22administrator%22%7D%5D\u00bb]<div class=\"porto-carousel owl-carousel has-ccols has-ccols-spacing ccols-xl-4 ccols-lg-3 ccols-md-2 ccols-sm-1 ccols-1 mb-0 wpb_custom_d37068b0a0da05c4cfe60c9cdb0e7e81\" data-plugin-options=\"{&quot;themeConfig&quot;:true,&quot;stagePadding&quot;:0,&quot;margin&quot;:15,&quot;autoplay&quot;:false,&quot;mouseDrag&quot;:true,&quot;touchDrag&quot;:true,&quot;autoplayTimeout&quot;:5000,&quot;autoplayHoverPause&quot;:false,&quot;items&quot;:4,&quot;xl&quot;:4,&quot;lg&quot;:3,&quot;md&quot;:2,&quot;sm&quot;:1,&quot;xs&quot;:1,&quot;nav&quot;:false,&quot;dots&quot;:&quot;yes&quot;,&quot;animateIn&quot;:&quot;&quot;,&quot;animateOut&quot;:&quot;&quot;,&quot;loop&quot;:&quot;yes&quot;,&quot;center&quot;:false,&quot;video&quot;:false,&quot;lazyLoad&quot;:false,&quot;fullscreen&quot;:false}\">[vc_row_inner css_params=\u00bb\u00bb][vc_column_inner el_class=\u00bbcustom-card-white blue-primary\u00bb css_params=\u00bb\u00bb][vc_column_text css=\u00bb.vc_custom_1735235246834{margin-bottom: 0px !important;padding-bottom: 20px !important;padding-left: 0px !important;}\u00bb text_color=\u00bb#ffffff\u00bb css_params=\u00bb\u00bb text_typography=\u00bb{\u00abfamily\u00ab:\u00abDefault\u00ab,\u00abvariant\u00ab:\u00ab700\u00ab,\u00abfont_size\u00ab:\u00ab28\u00ab,\u00abline_height\u00ab:\u00ab1\u00ab,\u00abletter_spacing\u00ab:\u00ab\u00ab,\u00abtext_transform\u00ab:\u00ab\u00ab}\u00bb]<\/p>\n<h2 style=\"text-align: center;\">Productos y<br \/>\nservicios<\/h2>\n<p>[\/vc_column_text]<style>.porto-info-list0d83d94c36bc35e175a219d13b55ff99 i { color: var(--porto-secondary-color);font-size: 20px; }<\/style><ul class=\"porto-info-list d-grid justify-content-center porto-info-list0d83d94c36bc35e175a219d13b55ff99 wpb_custom_8be470179dfea83e9e8c61cb252532eb\"><li class=\"porto-info-list-item  wpb_custom_48a0de1d96abf35279eb65dc0713291d\"><i class=\"porto-info-icon fas fa-check-circle\"><\/i><div class=\"porto-info-list-item-desc\">Estaciones<\/div><\/li><li class=\"porto-info-list-item  wpb_custom_48a0de1d96abf35279eb65dc0713291d\"><i class=\"porto-info-icon fas fa-check-circle\"><\/i><div class=\"porto-info-list-item-desc\">Lubricantes<\/div><\/li><li class=\"porto-info-list-item  wpb_custom_48a0de1d96abf35279eb65dc0713291d\"><i class=\"porto-info-icon fas fa-check-circle\"><\/i><div class=\"porto-info-list-item-desc\">Industriales<\/div><\/li><li class=\"porto-info-list-item  wpb_custom_48a0de1d96abf35279eb65dc0713291d\"><i class=\"porto-info-icon fas fa-check-circle\"><\/i><div class=\"porto-info-list-item-desc\">Flotas<\/div><\/li><\/ul>[\/vc_column_inner][\/vc_row_inner][vc_row_inner css_params=\u00bb\u00bb css=\u00bb.vc_custom_1734622867050{padding-right: 10px !important;padding-left: 10px !important;}\u00bb][vc_column_inner el_class=\u00bbcustom-card-white blue-primary\u00bb css_params=\u00bb\u00bb][vc_column_text css=\u00bb.vc_custom_1735235255554{margin-bottom: 0px !important;padding-bottom: 20px !important;padding-left: 0px !important;}\u00bb text_color=\u00bb#ffffff\u00bb css_params=\u00bb\u00bb text_typography=\u00bb{\u00abfamily\u00ab:\u00abDefault\u00ab,\u00abvariant\u00ab:\u00ab700\u00ab,\u00abfont_size\u00ab:\u00ab28\u00ab,\u00abline_height\u00ab:\u00ab1\u00ab,\u00abletter_spacing\u00ab:\u00ab\u00ab,\u00abtext_transform\u00ab:\u00ab\u00ab}\u00bb]<\/p>\n<h2 style=\"text-align: center;\">Centro de servicio<br \/>\nal cliente<\/h2>\n<p>[\/vc_column_text]<style>.porto-info-listeab0963d344c1362ccca459650c3467e i { color: #ffffff;font-size: 20px; }<\/style><ul class=\"porto-info-list  porto-info-listeab0963d344c1362ccca459650c3467e wpb_custom_61cfccd8ba301d175c694d63770aae05\"><li class=\"porto-info-list-item custom-phone wpb_custom_bfbef34c5319ba08e5ea4f6dd966e47e\"><i class=\"porto-info-icon fas fa-phone\"><\/i><div class=\"porto-info-list-item-desc\">279-2990<\/div><\/li><\/ul>[\/vc_column_inner][\/vc_row_inner][vc_row_inner css_params=\u00bb\u00bb css=\u00bb.vc_custom_1734622867050{padding-right: 10px !important;padding-left: 10px !important;}\u00bb][vc_column_inner el_class=\u00bbcustom-card-white no-padding blue-primary\u00bb css_params=\u00bb\u00bb][vc_column_text css=\u00bb.vc_custom_1735235265546{margin-bottom: 0px !important;padding-bottom: 20px !important;padding-left: 0px !important;}\u00bb text_color=\u00bb#ffffff\u00bb css_params=\u00bb\u00bb text_typography=\u00bb{\u00abfamily\u00ab:\u00abDefault\u00ab,\u00abvariant\u00ab:\u00ab700\u00ab,\u00abfont_size\u00ab:\u00ab28\u00ab,\u00abline_height\u00ab:\u00ab1\u00ab,\u00abletter_spacing\u00ab:\u00ab\u00ab,\u00abtext_transform\u00ab:\u00ab\u00ab}\u00bb]<\/p>\n<h2 style=\"text-align: center;\">Para pedidos<br \/>\nde lubricantes<\/h2>\n<p>[\/vc_column_text][vc_btn title=\u00bbINGRESAR\u00bb css=\u00bb.vc_custom_1735236197441{margin-top: 0px !important;}\u00bb css_params=\u00bb\u00bb el_class=\u00bbbutton-primary-child no-float justify-content-center no-margin\u00bb link=\u00bburl:http%3A%2F%2Fsplub.petrodelta.com%2F_acc%2Finisesion|target:_blank\u00bb][\/vc_column_inner][\/vc_row_inner][vc_row_inner css_params=\u00bb\u00bb css=\u00bb.vc_custom_1734622867050{padding-right: 10px !important;padding-left: 10px !important;}\u00bb][vc_column_inner el_class=\u00bbcustom-card-white blue-primary\u00bb css_params=\u00bb\u00bb][vc_column_text css=\u00bb.vc_custom_1735235287002{margin-bottom: 0px !important;padding-bottom: 20px !important;padding-left: 0px !important;}\u00bb text_color=\u00bb#ffffff\u00bb css_params=\u00bb\u00bb text_typography=\u00bb{\u00abfamily\u00ab:\u00abDefault\u00ab,\u00abvariant\u00ab:\u00ab700\u00ab,\u00abfont_size\u00ab:\u00ab28\u00ab,\u00abline_height\u00ab:\u00ab1\u00ab,\u00abletter_spacing\u00ab:\u00ab\u00ab,\u00abtext_transform\u00ab:\u00ab\u00ab}\u00bb]<\/p>\n<h2 style=\"text-align: center;\">Facturas y estados<br \/>\nde cuenta<\/h2>\n<p>[\/vc_column_text][vc_btn title=\u00bbINGRESAR\u00bb css_params=\u00bb\u00bb el_class=\u00bbbutton-primary-child no-float justify-content-center no-margin\u00bb link=\u00bburl:https%3A%2F%2Fdeltadigitalportalweb.petrodelta.com%2FTWA%2FPortal%2FWebPortalDelta.html|target:_blank\u00bb][\/vc_column_inner][\/vc_row_inner][vc_row_inner css_params=\u00bb\u00bb css=\u00bb.vc_custom_1734622867050{padding-right: 10px !important;padding-left: 10px !important;}\u00bb][vc_column_inner el_class=\u00bbcustom-card-white blue-primary\u00bb css_params=\u00bb\u00bb][vc_column_text css=\u00bb.vc_custom_1735235278074{margin-bottom: 0px !important;padding-bottom: 20px !important;padding-left: 0px !important;}\u00bb text_color=\u00bb#ffffff\u00bb css_params=\u00bb\u00bb text_typography=\u00bb{\u00abfamily\u00ab:\u00abDefault\u00ab,\u00abvariant\u00ab:\u00ab700\u00ab,\u00abfont_size\u00ab:\u00ab28\u00ab,\u00abline_height\u00ab:\u00ab1\u00ab,\u00abletter_spacing\u00ab:\u00ab\u00ab,\u00abtext_transform\u00ab:\u00ab\u00ab}\u00bb]<\/p>\n<h2 style=\"text-align: center;\">Para reportes de<br \/>\nmantenimiento<\/h2>\n<p>[\/vc_column_text][vc_btn title=\u00bbINGRESAR\u00bb css_params=\u00bb\u00bb el_class=\u00bbbutton-primary-child no-float justify-content-center no-margin\u00bb link=\u00bburl:https%3A%2F%2Fapp.fracttal.com%2Fsignin|target:_blank\u00bb][\/vc_column_inner][\/vc_row_inner]<\/div>[\/vc_column][\/vc_row]<\/p>\n<\/div>","protected":false},"excerpt":{"rendered":"<p>[vc_section css=\u00bb.vc_custom_1734549504810{padding-top: 50px !important;padding-bottom: 50px !important;background-color: #e4e8e9 !important;}\u00bb conditional_render=\u00bb%5B%7B%22value_role%22%3A%22administrator%22%7D%5D\u00bb css_params=\u00bb\u00bb][vc_row css=\u00bb.vc_custom_1735236119577{padding-bottom: 20px !important;}\u00bb conditional_render=\u00bb%5B%7B%22value_role%22%3A%22administrator%22%7D%5D\u00bb css_params=\u00bb\u00bb][vc_column conditional_render=\u00bb%5B%7B%22value_role%22%3A%22administrator%22%7D%5D\u00bb css_params=\u00bb\u00bb][\/vc_column][\/vc_row][vc_row wrap_container=\u00bbyes\u00bb conditional_render=\u00bb%5B%7B%22value_role%22%3A%22administrator%22%7D%5D\u00bb css_params=\u00bb\u00bb el_class=\u00bbbox-margin-left\u00bb][vc_column css=\u00bb.vc_custom_1735235985982{padding-right: 14px !important;}\u00bb conditional_render=\u00bb%5B%7B%22value_role%22%3A%22administrator%22%7D%5D\u00bb css_params=\u00bb\u00bb offset=\u00bbvc_col-lg-4&#8243; el_class=\u00bbcustom-image-rounded\u00bb][vc_row_inner][vc_column_inner offset=\u00bbvc_hidden-md vc_hidden-sm vc_hidden-xs\u00bb css_params=\u00bb\u00bb][vc_single_image image=\u00bb19492&#8243; img_size=\u00bbfull\u00bb alignment=\u00bbcenter\u00bb css=\u00bb.vc_custom_1739828484986{margin-bottom: 20px !important;}\u00bb css_params=\u00bb\u00bb][vc_single_image image=\u00bb19493&#8243; img_size=\u00bbfull\u00bb alignment=\u00bbcenter\u00bb css=\u00bb.vc_custom_1739828492800{margin-bottom: 20px !important;}\u00bb css_params=\u00bb\u00bb][vc_single_image image=\u00bb19682&#8243; img_size=\u00bbfull\u00bb alignment=\u00bbcenter\u00bb css=\u00bb.vc_custom_1750276282651{margin-bottom: 0px !important;}\u00bb css_params=\u00bb\u00bb label=\u00bb\u00bb][\/vc_column_inner][\/vc_row_inner][vc_row_inner][vc_column_inner offset=\u00bbvc_hidden-xl [&hellip;]<\/p>\n","protected":false},"author":1,"featured_media":0,"parent":0,"menu_order":0,"comment_status":"closed","ping_status":"closed","template":"","meta":{"inline_featured_image":false,"_monsterinsights_skip_tracking":false,"_monsterinsights_sitenote_active":false,"_monsterinsights_sitenote_note":"","_monsterinsights_sitenote_category":0,"footnotes":""},"class_list":["post-19205","page","type-page","status-publish","hentry"],"_links":{"self":[{"href":"https:\/\/www.petrodelta.com\/pa\/wp-json\/wp\/v2\/pages\/19205","targetHints":{"allow":["GET"]}}],"collection":[{"href":"https:\/\/www.petrodelta.com\/pa\/wp-json\/wp\/v2\/pages"}],"about":[{"href":"https:\/\/www.petrodelta.com\/pa\/wp-json\/wp\/v2\/types\/page"}],"author":[{"embeddable":true,"href":"https:\/\/www.petrodelta.com\/pa\/wp-json\/wp\/v2\/users\/1"}],"replies":[{"embeddable":true,"href":"https:\/\/www.petrodelta.com\/pa\/wp-json\/wp\/v2\/comments?post=19205"}],"version-history":[{"count":0,"href":"https:\/\/www.petrodelta.com\/pa\/wp-json\/wp\/v2\/pages\/19205\/revisions"}],"wp:attachment":[{"href":"https:\/\/www.petrodelta.com\/pa\/wp-json\/wp\/v2\/media?parent=19205"}],"curies":[{"name":"wp","href":"https:\/\/api.w.org\/{rel}","templated":true}]}}