{"id":18993,"date":"2024-12-04T13:25:37","date_gmt":"2024-12-04T13:25:37","guid":{"rendered":"https:\/\/www.petrodelta.com\/pa\/?page_id=18993"},"modified":"2024-12-04T13:25:37","modified_gmt":"2024-12-04T13:25:37","slug":"certificados","status":"publish","type":"page","link":"https:\/\/www.petrodelta.com\/pa\/certificados\/","title":{"rendered":"Certificados"},"content":{"rendered":"    <div id=\"delta-certificates\" class=\"container mt-5 mb-5\">\r\n        <div class=\"row align-items-center\">\r\n            <!-- Image Section -->\r\n            <div class=\"col-md-6\">\r\n                <img decoding=\"async\" src=\"http:\/\/www.petrodelta.com\/pa\/wp-content\/uploads\/2025\/04\/02-Floating-Free-Credit-Card-Mockup-copia.png\" class=\"img-fluid rounded mb-lg-0 mb-4\" alt=\"Certificates\">\r\n            <\/div>\r\n            \r\n            <!-- Form Section -->\r\n            <div class=\"col-md-6\">\r\n                <!-- Select RUC Type -->\r\n                <div class=\"mb-3\">\r\n                    <label for=\"ruc-type\" class=\"form-label\">Tipo de RUC<\/label>\r\n                    <select id=\"ruc-type\" class=\"form-select\" required>\r\n                        <option value=\"\">Seleccione...<\/option>\r\n                        <option value=\"natural\">C\u00e9dula (Persona Natural)<\/option>\r\n                        <option value=\"juridico\">Jur\u00eddico (Empresa)<\/option>\r\n                    <\/select>\r\n                <\/div>\r\n\r\n                <!-- RUC \/ C\u00e9dula -->\r\n                <div class=\"mb-3\">\r\n                  <label for=\"ruc-cedula\" class=\"form-label\">RUC \/ C\u00e9dula<\/label>\r\n                  <div class=\"input-group\">\r\n                    <input type=\"text\" id=\"ruc-cedula\" class=\"form-control\" placeholder=\"Ingrese su RUC o C\u00e9dula\" required>\r\n                    <button type=\"button\" id=\"validate-ruc\" class=\"btn btn-secondary\">Validar RUC \/ C\u00e9dula<\/button>\r\n                  <\/div>\r\n                <\/div>\r\n                \r\n                <!-- Nombre y Apellido -->\r\n                <div class=\"mb-3\">\r\n                    <label for=\"name\" class=\"form-label\">Nombre<\/label>\r\n                    <input type=\"text\" id=\"name\" class=\"form-control\" placeholder=\"Nombre\" readonly>\r\n                <\/div>\r\n\r\n                <!-- Empresa -->\r\n                <div class=\"mb-3\">\r\n                    <label for=\"company\" class=\"form-label\">Empresa<\/label>\r\n                    <input type=\"text\" id=\"company\" class=\"form-control\" placeholder=\"Nombre de la Empresa\" readonly>\r\n                <\/div>\r\n\r\n                <!-- Cantidad -->\r\n                <div class=\"mb-3\">\r\n                    <label for=\"quantity\" class=\"form-label\">Cantidad de Certificados<\/label>\r\n                    <input type=\"number\" id=\"quantity\" class=\"form-control\" min=\"1\" placeholder=\"Cantidad\" required>\r\n                <\/div>\r\n\r\n                <!-- Tipo Certificado -->\r\n                <div class=\"mb-3\">\r\n                    <label for=\"certificate-type\" class=\"form-label\">Seleccione el tipo de certificado<\/label>\r\n                    <select id=\"certificate-type\" class=\"form-select\">\r\n                        <option value=\"\">Elegir...<\/option>\r\n                    <\/select>\r\n                <\/div>\r\n\r\n                <!-- Denominaci\u00f3n -->\r\n                <div class=\"mb-3\">\r\n                    <label for=\"certificate-denomination\" class=\"form-label\">Seleccione la denominaci\u00f3n (USD)<\/label>\r\n                    <select id=\"certificate-denomination\" class=\"form-select\" disabled>\r\n                        <option value=\"\">Elegir...<\/option>\r\n                    <\/select>\r\n                <\/div>\r\n\r\n                <div class=\"text-center button-primary-child position-relative start-0 end-0 justify-content-center\">\r\n                    <button id=\"add-to-cart\" class=\"btn btn-primary mt-3\" disabled>A\u00f1adir al carrito<\/button>\r\n                <\/div>\r\n            <\/div>\r\n        <\/div>\r\n    <\/div>\r\n    \n","protected":false},"excerpt":{"rendered":"Tipo de RUC Seleccione... C\u00e9dula (Persona Natural) Jur\u00eddico (Empresa) RUC \/ C\u00e9dula Validar RUC \/ C\u00e9dula Nombre Empresa Cantidad de Certificados Seleccione el tipo de certificado Elegir... Seleccione la denominaci\u00f3n (USD) Elegir... A\u00f1adir al carrito","protected":false},"author":9,"featured_media":0,"parent":0,"menu_order":0,"comment_status":"closed","ping_status":"closed","template":"","meta":{"inline_featured_image":false,"_monsterinsights_skip_tracking":false,"_monsterinsights_sitenote_active":false,"_monsterinsights_sitenote_note":"","_monsterinsights_sitenote_category":0,"footnotes":""},"class_list":["post-18993","page","type-page","status-publish","hentry"],"_links":{"self":[{"href":"https:\/\/www.petrodelta.com\/pa\/wp-json\/wp\/v2\/pages\/18993","targetHints":{"allow":["GET"]}}],"collection":[{"href":"https:\/\/www.petrodelta.com\/pa\/wp-json\/wp\/v2\/pages"}],"about":[{"href":"https:\/\/www.petrodelta.com\/pa\/wp-json\/wp\/v2\/types\/page"}],"author":[{"embeddable":true,"href":"https:\/\/www.petrodelta.com\/pa\/wp-json\/wp\/v2\/users\/9"}],"replies":[{"embeddable":true,"href":"https:\/\/www.petrodelta.com\/pa\/wp-json\/wp\/v2\/comments?post=18993"}],"version-history":[{"count":0,"href":"https:\/\/www.petrodelta.com\/pa\/wp-json\/wp\/v2\/pages\/18993\/revisions"}],"wp:attachment":[{"href":"https:\/\/www.petrodelta.com\/pa\/wp-json\/wp\/v2\/media?parent=18993"}],"curies":[{"name":"wp","href":"https:\/\/api.w.org\/{rel}","templated":true}]}}