{"id":925,"date":"2021-07-19T03:17:22","date_gmt":"2021-07-19T03:17:22","guid":{"rendered":"https:\/\/www.petrodelta.com\/cr\/?page_id=925"},"modified":"2025-04-12T15:00:07","modified_gmt":"2025-04-12T15:00:07","slug":"servicios-para-flotas","status":"publish","type":"page","link":"https:\/\/www.petrodelta.com\/cr\/servicios\/servicios-para-flotas\/","title":{"rendered":"Servicios Para Flotas"},"content":{"rendered":"<div class=\"wpb-content-wrapper\"><p>[vc_section conditional_render=\u00bb%5B%7B%22value_role%22%3A%22administrator%22%7D%5D\u00bb css_params=\u00bb\u00bb][vc_row css=\u00bb.vc_custom_1736196135636{padding-top: 50px !important;}\u00bb conditional_render=\u00bb%5B%7B%22value_role%22%3A%22administrator%22%7D%5D\u00bb][vc_column width=\u00bb1\/3&#8243; conditional_render=\u00bb%5B%7B%22value_role%22%3A%22administrator%22%7D%5D\u00bb css_params=\u00bb\u00bb el_class=\u00bbsticky-custom\u00bb][vc_row_inner][vc_column_inner]<div class=\"porto-sicon-box p-consumo  wpb_custom_21c3ed1b12ff6d39e96eee9690e04f0e style_1 right-icon\"><div class=\"porto-sicon-body\" ><div class=\"porto-sicon-header\"><h3 class=\"porto-sicon-title\">Beneficios<\/h3><\/div> <!-- header --><\/div><\/div><!-- porto-sicon-box --><div class=\"porto-sicon-box ico-beneficios-maxi  wpb_custom_1efe903570d178ff0a9b7bfa5febd3a4 style_1 default-icon\"><div class=\"porto-sicon-default\"><div class=\"porto-just-icon-wrapper porto-sicon-img  porto-icon-9f5d1cfb45d27d96b50bf473aebba227\" style=\"font-size: 60px;\"><img loading=\"lazy\" decoding=\"async\" class=\"img-icon\" alt=\"\" src=\"https:\/\/www.petrodelta.com\/cr\/wp-content\/uploads\/2023\/08\/BeneficiosIconoEstaciones.png\" width=\"2250\" height=\"2250\" \/><\/div><\/div><div class=\"porto-sicon-header\"><p>+ de 60 estaciones a nivel nacional, ofreciendo un servicio completo<\/p><\/div> <!-- header --><\/div><!-- porto-sicon-box --><div class=\"porto-sicon-box ico-beneficios-maxi  wpb_custom_1efe903570d178ff0a9b7bfa5febd3a4 style_1 default-icon\"><div class=\"porto-sicon-default\"><div class=\"porto-just-icon-wrapper porto-sicon-img  porto-icon-9f5d1cfb45d27d96b50bf473aebba227\" style=\"font-size: 60px;\"><img loading=\"lazy\" decoding=\"async\" class=\"img-icon\" alt=\"\" src=\"https:\/\/www.petrodelta.com\/cr\/wp-content\/uploads\/2023\/08\/BeneficiosIconoServicioCliente.png\" width=\"2250\" height=\"2250\" \/><\/div><\/div><div class=\"porto-sicon-header\"><p>Centro de Servicio al Cliente<\/p><\/div> <!-- header --><\/div><!-- porto-sicon-box --><div class=\"porto-sicon-box ico-beneficios-maxi  wpb_custom_1efe903570d178ff0a9b7bfa5febd3a4 style_1 default-icon\"><div class=\"porto-sicon-default\"><div class=\"porto-just-icon-wrapper porto-sicon-img  porto-icon-9f5d1cfb45d27d96b50bf473aebba227\" style=\"font-size: 60px;\"><img loading=\"lazy\" decoding=\"async\" class=\"img-icon\" alt=\"\" src=\"https:\/\/www.petrodelta.com\/cr\/wp-content\/uploads\/2023\/08\/BeneficiosIconoWeb.png\" width=\"2250\" height=\"2250\" \/><\/div><\/div><div class=\"porto-sicon-header\"><p>Plataforma Web 24\/7<\/p><\/div> <!-- header --><\/div><!-- porto-sicon-box --><div class=\"porto-sicon-box ico-beneficios-maxi  wpb_custom_1efe903570d178ff0a9b7bfa5febd3a4 style_1 default-icon\"><div class=\"porto-sicon-default\"><div class=\"porto-just-icon-wrapper porto-sicon-img  porto-icon-9f5d1cfb45d27d96b50bf473aebba227\" style=\"font-size: 60px;\"><img loading=\"lazy\" decoding=\"async\" class=\"img-icon\" alt=\"\" src=\"https:\/\/www.petrodelta.com\/cr\/wp-content\/uploads\/2023\/08\/BeneficiosIconoCredito.png\" width=\"2250\" height=\"2250\" \/><\/div><\/div><div class=\"porto-sicon-header\"><p>Consumo en cr\u00e9dito o prepago<\/p><\/div> <!-- header --><\/div><!-- porto-sicon-box --><div class=\"porto-sicon-box ico-beneficios-maxi  wpb_custom_1efe903570d178ff0a9b7bfa5febd3a4 style_1 default-icon\"><div class=\"porto-sicon-default\"><div class=\"porto-just-icon-wrapper porto-sicon-img  porto-icon-9f5d1cfb45d27d96b50bf473aebba227\" style=\"font-size: 60px;\"><img loading=\"lazy\" decoding=\"async\" class=\"img-icon\" alt=\"\" src=\"https:\/\/www.petrodelta.com\/cr\/wp-content\/uploads\/2023\/08\/BeneficiosIconoTarjetaChip.png\" width=\"2250\" height=\"2250\" \/><\/div><\/div><div class=\"porto-sicon-header\"><p>Dispositivo tarjeta o chip, parametrizables de acuerdo a tu necesidad<\/p><\/div> <!-- header --><\/div><!-- porto-sicon-box --><div class=\"porto-sicon-box ico-beneficios-maxi  wpb_custom_1efe903570d178ff0a9b7bfa5febd3a4 style_1 default-icon\"><div class=\"porto-sicon-default\"><div class=\"porto-just-icon-wrapper porto-sicon-img  porto-icon-9f5d1cfb45d27d96b50bf473aebba227\" style=\"font-size: 60px;\"><img loading=\"lazy\" decoding=\"async\" class=\"img-icon\" alt=\"\" src=\"https:\/\/www.petrodelta.com\/cr\/wp-content\/uploads\/2023\/08\/BeneficiosIconoGPS.png\" width=\"2250\" height=\"2250\" \/><\/div><\/div><div class=\"porto-sicon-header\"><p>Opci\u00f3n de integrarnos con su proveedor de GPS<\/p><\/div> <!-- header --><\/div><!-- porto-sicon-box --><div class=\"porto-sicon-box ico-beneficios-maxi  wpb_custom_1efe903570d178ff0a9b7bfa5febd3a4 style_1 default-icon\"><div class=\"porto-sicon-default\"><div class=\"porto-just-icon-wrapper porto-sicon-img  porto-icon-9f5d1cfb45d27d96b50bf473aebba227\" style=\"font-size: 60px;\"><img loading=\"lazy\" decoding=\"async\" class=\"img-icon\" alt=\"\" src=\"https:\/\/www.petrodelta.com\/cr\/wp-content\/uploads\/2023\/08\/BeneficiosIconoTarjetaDobleID.png\" width=\"2250\" height=\"2250\" \/><\/div><\/div><div class=\"porto-sicon-header\"><p>Control y monitoreo de tu flota<\/p><\/div> <!-- header --><\/div><!-- porto-sicon-box --><div class=\"porto-sicon-box ico-beneficios-maxi  wpb_custom_1efe903570d178ff0a9b7bfa5febd3a4 style_1 default-icon\"><div class=\"porto-sicon-default\"><div class=\"porto-just-icon-wrapper porto-sicon-img  porto-icon-9f5d1cfb45d27d96b50bf473aebba227\" style=\"font-size: 60px;\"><img loading=\"lazy\" decoding=\"async\" class=\"img-icon\" alt=\"\" src=\"https:\/\/www.petrodelta.com\/cr\/wp-content\/uploads\/2025\/04\/IconoGratuito.png\" width=\"1080\" height=\"1080\" \/><\/div><\/div><div class=\"porto-sicon-header\"><p>Sistema Gratuito<\/p><\/div> <!-- header --><\/div><!-- porto-sicon-box -->[\/vc_column_inner][\/vc_row_inner][vc_row_inner css=\u00bb.vc_custom_1692906757579{padding-top: 15px !important;}\u00bb][vc_column_inner el_class=\u00bbcustom-list-check\u00bb css_params=\u00bb\u00bb]<div class=\"porto-sicon-box p-consumo  wpb_custom_21c3ed1b12ff6d39e96eee9690e04f0e style_1 right-icon\"><div class=\"porto-sicon-body\" ><div class=\"porto-sicon-header\"><h3 class=\"porto-sicon-title\">Par\u00e1metros de Consumo<\/h3><\/div> <!-- header --><\/div><\/div><!-- porto-sicon-box -->[vc_column_text css=\u00bb.vc_custom_1735248340156{padding-right: 0px !important;padding-left: 0px !important;}\u00bb css_params=\u00bb\u00bb]<\/p>\n<ul class=\"list-inline list-parametros\">\n<li><i class=\"porto-info-icon fas fa-check-circle\" style=\"font-size: 20px;\"><\/i>L\u00edmites en Dinero o Litros<\/li>\n<li><i class=\"porto-info-icon fas fa-check-circle\" style=\"font-size: 20px;\"><\/i>Cantidad de Transacciones Diarias<\/li>\n<li><i class=\"porto-info-icon fas fa-check-circle\" style=\"font-size: 20px;\"><\/i>D\u00edas y Horario de Consumo<\/li>\n<li><i class=\"porto-info-icon fas fa-check-circle\" style=\"font-size: 20px;\"><\/i>Estaciones autorizadas<\/li>\n<li><i class=\"porto-info-icon fas fa-check-circle\" style=\"font-size: 20px;\"><\/i>Ingreso y validaci\u00f3n de kilometraje<\/li>\n<li><i class=\"porto-info-icon fas fa-check-circle\" style=\"font-size: 20px;\"><\/i>Tipo de Producto a consumir<\/li>\n<\/ul>\n<p>[\/vc_column_text][\/vc_column_inner][\/vc_row_inner][vc_row_inner content_placement=\u00bbmiddle\u00bb css=\u00bb.vc_custom_1736197091640{margin-right: 7px !important;margin-left: 7px !important;}\u00bb css_params=\u00bb\u00bb][vc_column_inner el_class=\u00bbcustom-card-white blue-primary no-padding rounded-card height-220&#8243; css_params=\u00bb\u00bb css=\u00bb.vc_custom_1744469888134{margin-bottom: 15px !important;}\u00bb][vc_column_text css=\u00bb.vc_custom_1736196446425{margin-bottom: 0px !important;padding-bottom: 20px !important;padding-left: 0px !important;}\u00bb text_color=\u00bb#ffffff\u00bb css_params=\u00bb\u00bb text_typography=\u00bb{\u00abfamily\u00ab:\u00abDefault\u00ab,\u00abvariant\u00ab:\u00ab700\u00ab,\u00abfont_size\u00ab:\u00ab28\u00ab,\u00abline_height\u00ab:\u00ab1\u00ab,\u00abletter_spacing\u00ab:\u00ab\u00ab,\u00abtext_transform\u00ab:\u00ab\u00ab}\u00bb]<\/p>\n<h2 style=\"text-align: center; padding-left: 0 !important;\">Solicitud de Cr\u00e9dito<\/h2>\n<p>[\/vc_column_text][vc_btn title=\u00bbDESCARGAR\u00bb css=\u00bb.vc_custom_1741891217048{margin-top: 0px !important;}\u00bb css_params=\u00bb\u00bb el_class=\u00bbbutton-primary-child no-float justify-content-center no-margin\u00bb link=\u00bburl:https%3A%2F%2Fwww.petrodelta.com%2Fcr%2Fwp-content%2Fuploads%2F2025%2F03%2FMachote-Solicitud-de-Credito-Petroleos-Delta-CR-S.pdf|target:_blank\u00bb][\/vc_column_inner][vc_column_inner el_class=\u00bbcustom-card-white blue-primary no-padding rounded-card height-220&#8243; css_params=\u00bb\u00bb][vc_column_text css=\u00bb.vc_custom_1736196459168{margin-bottom: 0px !important;padding-bottom: 20px !important;padding-left: 0px !important;}\u00bb text_color=\u00bb#ffffff\u00bb css_params=\u00bb\u00bb text_typography=\u00bb{\u00abfamily\u00ab:\u00abDefault\u00ab,\u00abvariant\u00ab:\u00ab700\u00ab,\u00abfont_size\u00ab:\u00ab28\u00ab,\u00abline_height\u00ab:\u00ab1\u00ab,\u00abletter_spacing\u00ab:\u00ab\u00ab,\u00abtext_transform\u00ab:\u00ab\u00ab}\u00bb]<\/p>\n<h2 style=\"text-align: center; padding-left: 0 !important;\">Solicitud de Prepago<\/h2>\n<p>[\/vc_column_text][vc_btn title=\u00bbDESCARGAR\u00bb css=\u00bb.vc_custom_1741891202055{margin-top: 0px !important;}\u00bb css_params=\u00bb\u00bb el_class=\u00bbbutton-primary-child no-float justify-content-center no-margin\u00bb link=\u00bburl:https%3A%2F%2Fwww.petrodelta.com%2Fcr%2Fwp-content%2Fuploads%2F2025%2F03%2FMachote-Solicitud-Clientes-Pre-Pago.pdf|target:_blank\u00bb][\/vc_column_inner][\/vc_row_inner][\/vc_column][vc_column width=\u00bb2\/3&#8243; conditional_render=\u00bb%5B%7B%22value_role%22%3A%22administrator%22%7D%5D\u00bb css_params=\u00bb\u00bb][vc_row_inner][vc_column_inner el_class=\u00bbfondos-page\u00bb css_params=\u00bb\u00bb][vc_single_image image=\u00bb19535&#8243; img_size=\u00bbfull\u00bb alignment=\u00bbcenter\u00bb onclick=\u00bbcustom_link\u00bb img_link_target=\u00bb_blank\u00bb css=\u00bb.vc_custom_1743627065041{margin-bottom: 35px !important;}\u00bb el_class=\u00bbfondos-imagen-img\u00bb css_params=\u00bb\u00bb link=\u00bbhttps:\/\/www.petrodelta.com\/cr\/wp-content\/uploads\/2025\/03\/VolanteListado-Maxiflota-Delta-8.5&#215;11-CR-02.jpg\u00bb][vc_single_image image=\u00bb19554&#8243; img_size=\u00bbfull\u00bb alignment=\u00bbcenter\u00bb css=\u00bb\u00bb css_params=\u00bb\u00bb][\/vc_column_inner][\/vc_row_inner][\/vc_column][\/vc_row][\/vc_section][vc_section content_placement=\u00bbmiddle\u00bb css=\u00bb.vc_custom_1741892333513{margin-top: 50px !important;}\u00bb conditional_render=\u00bb%5B%7B%22value_role%22%3A%22administrator%22%7D%5D\u00bb css_params=\u00bb\u00bb][vc_row full_width=\u00bbstretch_row\u00bb el_class=\u00bbimage-full-width\u00bb conditional_render=\u00bb%5B%7B%22value_role%22%3A%22administrator%22%7D%5D\u00bb css_params=\u00bb\u00bb][vc_column conditional_render=\u00bb%5B%7B%22value_role%22%3A%22administrator%22%7D%5D\u00bb css_params=\u00bb\u00bb][vc_single_image image=\u00bb19450&#8243; img_size=\u00bbfull\u00bb alignment=\u00bbcenter\u00bb css=\u00bb\u00bb css_params=\u00bb\u00bb][\/vc_column][\/vc_row][\/vc_section]<\/p>\n<\/div>","protected":false},"excerpt":{"rendered":"<p>[vc_section conditional_render=\u00bb%5B%7B%22value_role%22%3A%22administrator%22%7D%5D\u00bb css_params=\u00bb\u00bb][vc_row css=\u00bb.vc_custom_1736196135636{padding-top: 50px !important;}\u00bb conditional_render=\u00bb%5B%7B%22value_role%22%3A%22administrator%22%7D%5D\u00bb][vc_column width=\u00bb1\/3&#8243; conditional_render=\u00bb%5B%7B%22value_role%22%3A%22administrator%22%7D%5D\u00bb css_params=\u00bb\u00bb el_class=\u00bbsticky-custom\u00bb][vc_row_inner][vc_column_inner][\/vc_column_inner][\/vc_row_inner][vc_row_inner css=\u00bb.vc_custom_1692906757579{padding-top: 15px !important;}\u00bb][vc_column_inner el_class=\u00bbcustom-list-check\u00bb css_params=\u00bb\u00bb][vc_column_text css=\u00bb.vc_custom_1735248340156{padding-right: 0px !important;padding-left: 0px !important;}\u00bb css_params=\u00bb\u00bb] L\u00edmites en Dinero o Litros Cantidad de Transacciones Diarias D\u00edas y Horario de Consumo Estaciones autorizadas Ingreso y validaci\u00f3n de kilometraje Tipo de Producto a consumir [\/vc_column_text][\/vc_column_inner][\/vc_row_inner][vc_row_inner content_placement=\u00bbmiddle\u00bb css=\u00bb.vc_custom_1736197091640{margin-right: 7px !important;margin-left: 7px !important;}\u00bb [&hellip;]<\/p>\n","protected":false},"author":1,"featured_media":0,"parent":19,"menu_order":0,"comment_status":"closed","ping_status":"closed","template":"","meta":{"inline_featured_image":false,"footnotes":""},"class_list":["post-925","page","type-page","status-publish","hentry"],"_links":{"self":[{"href":"https:\/\/www.petrodelta.com\/cr\/wp-json\/wp\/v2\/pages\/925","targetHints":{"allow":["GET"]}}],"collection":[{"href":"https:\/\/www.petrodelta.com\/cr\/wp-json\/wp\/v2\/pages"}],"about":[{"href":"https:\/\/www.petrodelta.com\/cr\/wp-json\/wp\/v2\/types\/page"}],"author":[{"embeddable":true,"href":"https:\/\/www.petrodelta.com\/cr\/wp-json\/wp\/v2\/users\/1"}],"replies":[{"embeddable":true,"href":"https:\/\/www.petrodelta.com\/cr\/wp-json\/wp\/v2\/comments?post=925"}],"version-history":[{"count":6,"href":"https:\/\/www.petrodelta.com\/cr\/wp-json\/wp\/v2\/pages\/925\/revisions"}],"predecessor-version":[{"id":19822,"href":"https:\/\/www.petrodelta.com\/cr\/wp-json\/wp\/v2\/pages\/925\/revisions\/19822"}],"up":[{"embeddable":true,"href":"https:\/\/www.petrodelta.com\/cr\/wp-json\/wp\/v2\/pages\/19"}],"wp:attachment":[{"href":"https:\/\/www.petrodelta.com\/cr\/wp-json\/wp\/v2\/media?parent=925"}],"curies":[{"name":"wp","href":"https:\/\/api.w.org\/{rel}","templated":true}]}}